{"id":8303,"date":"2022-11-18T19:25:18","date_gmt":"2022-11-18T18:25:18","guid":{"rendered":"https:\/\/www.visitbocairent.es\/?page_id=8303"},"modified":"2025-09-01T12:26:41","modified_gmt":"2025-09-01T10:26:41","slug":"organisez-votre-visite","status":"publish","type":"page","link":"https:\/\/www.visitbocairent.es\/fr\/organisez-votre-visite\/","title":{"rendered":"Organisez votre visite"},"content":{"rendered":"<p>[vc_row bottom_padding=\u00a0\u00bb40&Prime;][vc_column width=\u00a0\u00bb1\/1&Prime;][vc_message]<em>Les heures de visite de l&rsquo;\u00e9glise, du clocher et du mus\u00e9e paroissial peuvent varier en cas de fun\u00e9railles.<\/em>[\/vc_message][\/vc_column][\/vc_row][vc_row][vc_column width=\u00a0\u00bb1\/2&Prime;]<div class=\"minti_boxedholder   clearfix\" style=\"padding: 20px 20px 10px 20px; margin: 0px 0px 20px 0px; background-color: #f9f7ef; border-radius: 6px; border-width: 0; border-color: #bababa; \"><div class=\"iconbox  wpb_content_element iconbox-style-2 icon-color-accent color-dark clearfix\"><div class=\"iconbox-icon\"><img src='https:\/\/www.visitbocairent.es\/wp-content\/uploads\/2022\/11\/tickets.png' class='iconimg' alt='Visite de l&#039;\u00e9glise et du clocher' \/><\/div><div class=\"iconbox-content\"><h3>Visite de l&#039;\u00e9glise et du clocher<\/h3><p><strong>Horaires<\/strong> : samedi, de 12.00 \u00e0 13.30h \/ dimanche et jours f\u00e9ri\u00e9s de 12.45 \u00e0 14.00h.<br \/>\n<strong>Donation<\/strong> : 3\u20ac<br \/>\nEnfants de moins de 12 ans : entr\u00e9e gratuite.<\/p>\n<p style=\"text-align: right;\"><strong><a href=\"https:\/\/www.visitbocairent.es\/series\/visita-a-lesglesia-i-campanar\/\">Acheter des billets<\/a><\/strong><\/p>\n<\/p><\/div><\/div><\/div><div class=\"minti_boxedholder   clearfix\" style=\"padding: 20px 20px 10px 20px; margin: 0px 0px 20px 0px; background-color: #f9f7ef; border-radius: 6px; border-width: 0; border-color: #bababa; \"><div class=\"iconbox  wpb_content_element iconbox-style-2 icon-color-accent color-dark clearfix\"><div class=\"iconbox-icon\"><img src='https:\/\/www.visitbocairent.es\/wp-content\/uploads\/2022\/11\/tickets.png' class='iconimg' alt='Visite de l&#039;\u00e9glise, du clocher et du mus\u00e9e paroissial' \/><\/div><div class=\"iconbox-content\"><h3>Visite de l&#039;\u00e9glise, du clocher et du mus\u00e9e paroissial<\/h3><p><strong>Horaires<\/strong>: samedi, de 12.00 \u00e0 13.30h \/ dimanche et jours f\u00e9ri\u00e9s de 12.45 \u00e0 14.00h.<br \/>\n<strong>Donation<\/strong>: 5\u20ac<br \/>\nEnfants de moins de 12 ans: entr\u00e9e gratuite.<\/p>\n<p style=\"text-align: right;\"><strong><a href=\"https:\/\/www.visitbocairent.es\/series\/visita-esglesia-campanar-i-museu-parroquial\/\">Acheter des billets<\/a><\/strong><\/p>\n<\/p><\/div><\/div><\/div><div class=\"minti_boxedholder   clearfix\" style=\"padding: 20px 20px 10px 20px; margin: 0px 0px 20px 0px; background-color: #f9f7ef; border-radius: 6px; border-width: 0; border-color: #bababa; \"><div class=\"iconbox  wpb_content_element iconbox-style-2 icon-color-accent color-dark clearfix\"><div class=\"iconbox-icon\"><img src='https:\/\/www.visitbocairent.es\/wp-content\/uploads\/2022\/11\/tickets.png' class='iconimg' alt='Visite du monast\u00e8re rupestre' \/><\/div><div class=\"iconbox-content\"><h3>Visite du monast\u00e8re rupestre<\/h3><p><strong>Horaires<\/strong>: dimanche et jours f\u00e9ri\u00e9s de 11h00 \u00e0 13h30.<br \/>\n<strong>Donation<\/strong>: 3\u20ac<br \/>\nEnfants de moins de 12 ans : acc\u00e8s gratuit.<\/p>\n<p style=\"text-align: right;\"><strong><a href=\"https:\/\/www.visitbocairent.es\/series\/visita-monestir-rupestre\/\">Acheter des billets<\/a><\/strong><\/p>\n<\/p><\/div><\/div><\/div><div class=\"minti_boxedholder   clearfix\" style=\"padding: 20px 20px 10px 20px; margin: 0px 0px 20px 0px; background-color: #f9f7ef; border-radius: 6px; border-width: 0; border-color: #bababa; \"><div class=\"iconbox  wpb_content_element iconbox-style-2 icon-color-accent color-dark clearfix\"><div class=\"iconbox-icon\"><img src='https:\/\/www.visitbocairent.es\/wp-content\/uploads\/2022\/11\/tickets.png' class='iconimg' alt='Visite du Mus\u00e9e des M\u00e9tiers et des Moeurs (MOCB)' \/><\/div><div class=\"iconbox-content\"><h3>Visite du Mus\u00e9e des M\u00e9tiers et des Moeurs (MOCB)<\/h3><p><strong>Horaire<\/strong>: samedi, dimanche et jours f\u00e9ri\u00e9s de 11h30 \u00e0 13h30.<br \/>\n<strong>Donation<\/strong>: 2\u20ac<br \/>\nEnfants de moins de 12 ans: entr\u00e9e gratuite.<\/p>\n<p style=\"text-align: right;\"><strong><a href=\"https:\/\/www.visitbocairent.es\/series\/visita-al-museu-doficis-i-costums-de-bocairent\/\">Acheter des billets<\/a><\/strong><\/p>\n<\/p><\/div><\/div><\/div><div class=\"minti_boxedholder   clearfix\" style=\"padding: 20px 20px 10px 20px; margin: 0px 0px 20px 0px; background-color: #f9f7ef; border-radius: 6px; border-width: 0; border-color: #bababa; \"><div class=\"iconbox  wpb_content_element iconbox-style-2 icon-color-accent color-dark clearfix\"><div class=\"iconbox-icon\"><img src='https:\/\/www.visitbocairent.es\/wp-content\/uploads\/2022\/11\/tickets.png' class='iconimg' alt='Visite de l&#039;Ermitage de San Cristo' \/><\/div><div class=\"iconbox-content\"><h3>Visite de l&#039;Ermitage de San Cristo<\/h3><p><strong>Horaire<\/strong>: dimanche de 11h00 \u00e0 12h00<br \/>\n<strong>Donation<\/strong>: 2\u20ac. La r\u00e9servation g\u00e9n\u00e9rale \u00e0 l&rsquo;avance est n\u00e9cessaire (le groupe sera cl\u00f4tur\u00e9 24 heures avant).<br \/>\nEnfants de moins de 12 ans: acc\u00e8s gratuit.<\/p>\n<p style=\"text-align: right;\"><strong><a href=\"https:\/\/www.visitbocairent.es\/series\/visita-a-lermita-del-sant-crist\/\">Acheter des billets<\/a><\/strong><\/p>\n<\/p><\/div><\/div><\/div><div class=\"minti_boxedholder   clearfix\" style=\"padding: 20px 20px 10px 20px; margin: 0px 0px 20px 0px; background-color: #f9f9f9; border-radius: 6px; border-width: 0; border-color: #bababa; \"><div class=\"iconbox  wpb_content_element iconbox-style-2 icon-color-accent color-dark clearfix\"><div class=\"iconbox-icon\"><img src='https:\/\/www.visitbocairent.es\/wp-content\/uploads\/2022\/11\/tickets.png' class='iconimg' alt='Itin\u00e9raire du samedi' \/><\/div><div class=\"iconbox-content\"><h3>Itin\u00e9raire du samedi<\/h3><p>Voici une proposition d&rsquo;itin\u00e9raire pour un samedi matin:<\/p>\n<ul>\n<li>11.30 h Mus\u00e9e des M\u00e9tiers et des Moeurs de Bocairent (MOCB)<\/li>\n<li>12.00 h Clocher<\/li>\n<li>12.15 h \u00c9glise + Chapelle du Rosaire + Mus\u00e9e paroissial<\/li>\n<li>13.30 h Fin<\/li>\n<\/ul>\n<p><strong>Donation: 7\u20ac<br \/>\n<\/strong>Enfants de moins de 12 ans: entr\u00e9e gratuite.<\/p>\n<p style=\"text-align: right;\"><a href=\"https:\/\/www.visitbocairent.es\/series\/visita-esglesia-campanar-i-museu-parroquial\/\"><strong>Achat de billets pour l&rsquo;\u00e9glise, le clocher et le mus\u00e9e paroissial<\/strong><\/a><br \/>\n<a href=\"https:\/\/www.visitbocairent.es\/series\/visita-al-museu-doficis-i-costums-de-bocairent\/\"><strong>Achat de billets au MOCB<\/strong><\/a><\/p>\n<p>Si vous souhaitez visiter le Monast\u00e8re Rupestre le dimanche, vous avez la possibilit\u00e9 d&rsquo;acheter la Visite Combin\u00e9<\/p>\n<p><strong>Donation: 8\u20ac<br \/>\n<\/strong>Enfants de moins de 12 ans: entr\u00e9e gratuite.<\/p>\n<p style=\"text-align: right;\"><strong><a href=\"https:\/\/www.visitbocairent.es\/series\/visita-combinada\/\">Achat de billets pour Visite Combin\u00e9e<\/a><\/strong><\/p>\n<\/p><\/div><\/div><\/div>[\/vc_column][vc_column width=\u00a0\u00bb1\/2&Prime;][vc_single_image image=\u00a0\u00bb7935&Prime; img_size=\u00a0\u00bblarge\u00a0\u00bb onclick=\u00a0\u00bbcustom_link\u00a0\u00bb img_link_target=\u00a0\u00bb_blank\u00a0\u00bb css_animation=\u00a0\u00bbbounceInRight\u00a0\u00bb title=\u00a0\u00bbHoraires\u00a0\u00bb link=\u00a0\u00bbhttps:\/\/www.visitbocairent.es\/wp-content\/uploads\/2023\/05\/Cartell_horaris_parroquia_26_4_2023_AF.pdf\u00a0\u00bb]<div class=\"minti_boxedholder   clearfix\" style=\"padding: 20px 20px 10px 20px; margin: 0px 0px 20px 0px; background-color: #f9f9f9; border-radius: 6px; border-width: 0; border-color: #bababa; \"><div class=\"iconbox  wpb_content_element iconbox-style-2 icon-color-accent color-dark clearfix\"><div class=\"iconbox-icon\"><img src='https:\/\/www.visitbocairent.es\/wp-content\/uploads\/2022\/11\/tickets.png' class='iconimg' alt='Itin\u00e9raire le dimanche et les jours f\u00e9ri\u00e9s' \/><\/div><div class=\"iconbox-content\"><h3>Itin\u00e9raire le dimanche et les jours f\u00e9ri\u00e9s<\/h3><p>Voici une proposition d&rsquo;itin\u00e9raire pour une matin\u00e9e de dimanche ou de jour f\u00e9ri\u00e9:<\/p>\n<ul>\n<li>11.00 h Monast\u00e8re de Bocairent<\/li>\n<li>12.00 h Mus\u00e9e des M\u00e9tiers et des Moeurs de Bocairent (MOCB)<\/li>\n<li>12.45 h Clocher<\/li>\n<li>13.00 h \u00c9glise + Chapelle du Rosaire + Mus\u00e9e paroissial<\/li>\n<li>14.00 h Fin de la visite<\/li>\n<\/ul>\n<p><strong>Donation: 8\u20ac<br \/>\n<\/strong>Enfants de moins de 12 ans: acc\u00e8s gratuit.<\/p>\n<p style=\"text-align: right;\"><strong><a href=\"https:\/\/www.visitbocairent.es\/series\/visita-combinada\/\">Acheter des billets pour Visite Combin\u00e9e<\/a><\/strong><\/p>\n<\/p><\/div><\/div><\/div><div class=\"minti_boxedholder   clearfix\" style=\"padding: 40px 20px 40px 20px; margin: 0px 0px 40px 0px; border-radius: 6px; border-width: 1px; border-color: #bababa; \"><div class=\"iconbox  wpb_content_element iconbox-style-2 icon-color-accent color-dark clearfix\"><div class=\"iconbox-icon\"><i class=\"fa fa-users boxicon\" style=\"\"><\/i><\/div><div class=\"iconbox-content\"><h3>Visites organis\u00e9es pour les groupes<\/h3><p>\n<h4>Les visites de groupes peuvent \u00eatre r\u00e9serv\u00e9es \u00e0 n&rsquo;importe quelle heure et jour de la semaine et peuvent \u00eatre adapt\u00e9es aux besoins du groupe.<\/h4>\n<p><strong>Pour r\u00e9server une visite de groupe, veuillez envoyer un courrier \u00e0 <a href=\"mailto:info@visitbocairent.es\">info@visitbocairent.es<\/a> ou t\u00e9l\u00e9phoner au 639 835 593.<\/strong><\/p><\/div><\/div><\/div>[\/vc_column][\/vc_row]<\/p>\n","protected":false},"excerpt":{"rendered":"<p>[vc_row bottom_padding=\u00a0\u00bb40&Prime;][vc_column width=\u00a0\u00bb1\/1&Prime;][vc_message]Les heures de visite de l&rsquo;\u00e9glise, du clocher et du mus\u00e9e paroissial peuvent varier en cas de fun\u00e9railles.[\/vc_message][\/vc_column][\/vc_row][vc_row][vc_column width=\u00a0\u00bb1\/2&Prime;][\/vc_column][vc_column width=\u00a0\u00bb1\/2&Prime;][vc_single_image image=\u00a0\u00bb7935&Prime; img_size=\u00a0\u00bblarge\u00a0\u00bb onclick=\u00a0\u00bbcustom_link\u00a0\u00bb img_link_target=\u00a0\u00bb_blank\u00a0\u00bb css_animation=\u00a0\u00bbbounceInRight\u00a0\u00bb title=\u00a0\u00bbHoraires\u00a0\u00bb link=\u00a0\u00bbhttps:\/\/www.visitbocairent.es\/wp-content\/uploads\/2023\/05\/Cartell_horaris_parroquia_26_4_2023_AF.pdf\u00a0\u00bb][\/vc_column][\/vc_row]<\/p>\n","protected":false},"author":1,"featured_media":0,"parent":0,"menu_order":0,"comment_status":"closed","ping_status":"closed","template":"","meta":[],"_links":{"self":[{"href":"https:\/\/www.visitbocairent.es\/fr\/wp-json\/wp\/v2\/pages\/8303"}],"collection":[{"href":"https:\/\/www.visitbocairent.es\/fr\/wp-json\/wp\/v2\/pages"}],"about":[{"href":"https:\/\/www.visitbocairent.es\/fr\/wp-json\/wp\/v2\/types\/page"}],"author":[{"embeddable":true,"href":"https:\/\/www.visitbocairent.es\/fr\/wp-json\/wp\/v2\/users\/1"}],"replies":[{"embeddable":true,"href":"https:\/\/www.visitbocairent.es\/fr\/wp-json\/wp\/v2\/comments?post=8303"}],"version-history":[{"count":10,"href":"https:\/\/www.visitbocairent.es\/fr\/wp-json\/wp\/v2\/pages\/8303\/revisions"}],"predecessor-version":[{"id":13490,"href":"https:\/\/www.visitbocairent.es\/fr\/wp-json\/wp\/v2\/pages\/8303\/revisions\/13490"}],"wp:attachment":[{"href":"https:\/\/www.visitbocairent.es\/fr\/wp-json\/wp\/v2\/media?parent=8303"}],"curies":[{"name":"wp","href":"https:\/\/api.w.org\/{rel}","templated":true}]}}