{"id":8297,"date":"2022-11-25T18:35:57","date_gmt":"2022-11-25T17:35:57","guid":{"rendered":"https:\/\/www.visitbocairent.es\/?page_id=8297"},"modified":"2023-05-16T19:19:23","modified_gmt":"2023-05-16T17:19:23","slug":"ermita-del-sant-crist","status":"publish","type":"page","link":"https:\/\/www.visitbocairent.es\/fr\/ermita-del-sant-crist\/","title":{"rendered":"Ermitage\u00a0du Saint-Christ"},"content":{"rendered":"<p>[vc_row top_padding=\u00a0\u00bb40&Prime; bottom_padding=\u00a0\u00bb40&Prime;][vc_column width=\u00a0\u00bb2\/3&Prime;][vc_column_text]<\/p>\n<h5>Les\u00a0bocairentins du XVIe si\u00e8cle ont voulu que le village ait un ermitage dans la montagne du nord du village. La l\u00e9gende raconte que des voyageurs, qui seraient des anges envoy\u00e9s par Dieu, ont dit que c&rsquo;\u00e9tait le meilleur endroitpour construire un \u00e9difice de culte o\u00f9 v\u00e9n\u00e9rer l&rsquo;image de J\u00e9sus sur la croix. Avant l&rsquo;avertissement de ces voyageurs, les voisins avaient vu trois lumi\u00e8res qui symboliseraient les trois croix du Mont Calvaire.<\/h5>\n<p>Une fois l\u00e0-haut, nous contemplerons une vue magnifique sur la vall\u00e9e et le village o\u00f9 se d\u00e9tache l&rsquo;\u00e9glise paroissiale et le clocher.<\/p>\n<p>L&rsquo;ermitage se compose de trois b\u00e2timents, le plus ancien \u00e9tant l&rsquo;\u00e9glise, puis les auberges et finalement une maison fut construite pour le cur\u00e9 qui s&rsquo;occupait des messes et du soin de l&rsquo;ensemble.<\/p>\n<p>Dans l&rsquo;ermitage sont c\u00e9l\u00e9br\u00e9es plusieurs f\u00eates tout au long de l&rsquo;ann\u00e9e, la premi\u00e8re co\u00efncide avec le dernier jour desf\u00eates des Maures et des Chr\u00e9tiens o\u00f9 apr\u00e8s le d\u00e9jeuner est repr\u00e9sent\u00e9 la d\u00e9pouille des Maures et leur conversion auchristianisme. La deuxi\u00e8me f\u00eate est c\u00e9l\u00e9br\u00e9e au mois de mai pour comm\u00e9morer l&rsquo;une des descentes de l&rsquo;image auvillage, quand fini la peste de chol\u00e9ra de l&rsquo;ann\u00e9e 1885. Le 10 ao\u00fbt, jour de Sant Lloren\u00e7, on comm\u00e9more la premi\u00e8re messe. D\u00e9j\u00e0 au mois de septembre, le troisi\u00e8me dimanche, on comm\u00e9more avec la f\u00eate des Trois Lumi\u00e8res leur apparition qui ont motiv\u00e9 la construction de l&rsquo;ermitage.<\/p>\n<p>Les visiteurs peuvent contempler l&rsquo;int\u00e9rieur de l&rsquo;\u00e9glise, les auberges avec leur r\u00e9servoir et leurs peintures, la maison du cur\u00e9 et chercher sur le mur du clocher une r\u00e9plique d&rsquo;un fragment d&rsquo;une croix de la municipalit\u00e9 qui \u00e9tait incrust\u00e9e entre les pierres \u00e0 l&rsquo;entr\u00e9e de l&rsquo;ermitage.[\/vc_column_text][\/vc_column][vc_column width=\u00a0\u00bb1\/3&Prime;]<div class=\"box clearfix style-4 wpb_content_element align-center \" style=\"padding: 20px 20px 20px 20px; \">\n<h4><strong>Visite de l&rsquo;e<\/strong><span class=\"word\"><b>rmitage\u00a0<\/b><\/span><b><span class=\"word\">du<\/span> <span class=\"word\">Saint-Christ<\/span><\/b><\/h4>\n<a href=\"\/fr\/series\/visita-a-lermita-del-sant-crist\/\" target=\"_self\" class=\"button color-1 medium \" style=\"border-radius: 2px;\"><i class='fa fa-ticket'><\/i>ACHETER DES BILLETS<\/a><\/div>[\/vc_column][\/vc_row][vc_row bottom_padding=\u00a0\u00bb60&Prime;][vc_column column_padding=\u00a0\u00bbpadding-2&Prime; width=\u00a0\u00bb1\/2&Prime;][vc_single_image image=\u00a0\u00bb5871&Prime; img_size=\u00a0\u00bblarge\u00a0\u00bb add_caption=\u00a0\u00bbyes\u00a0\u00bb onclick=\u00a0\u00bblink_image\u00a0\u00bb css_animation=\u00a0\u00bbbounceInLeft\u00a0\u00bb][\/vc_column][vc_column column_padding=\u00a0\u00bbpadding-2&Prime; width=\u00a0\u00bb1\/2&Prime;][vc_single_image image=\u00a0\u00bb5870&Prime; img_size=\u00a0\u00bblarge\u00a0\u00bb add_caption=\u00a0\u00bbyes\u00a0\u00bb onclick=\u00a0\u00bblink_image\u00a0\u00bb css_animation=\u00a0\u00bbbounceInRight\u00a0\u00bb][\/vc_column][\/vc_row]<\/p>\n","protected":false},"excerpt":{"rendered":"<p>[vc_row top_padding=\u00a0\u00bb40&Prime; bottom_padding=\u00a0\u00bb40&Prime;][vc_column width=\u00a0\u00bb2\/3&Prime;][vc_column_text] Les\u00a0bocairentins du XVIe si\u00e8cle ont voulu que le village ait un ermitage dans la montagne du nord du village. La l\u00e9gende raconte que des voyageurs, qui seraient des anges envoy\u00e9s par Dieu, ont dit que c&rsquo;\u00e9tait le meilleur endroitpour construire un \u00e9difice de culte o\u00f9 v\u00e9n\u00e9rer l&rsquo;image de J\u00e9sus sur la croix. Avant l&rsquo;avertissement de ces voyageurs, les voisins avaient vu trois lumi\u00e8res qui symboliseraient les trois croix du Mont Calvaire. Une fois l\u00e0-haut, nous contemplerons une vue magnifique sur la vall\u00e9e et le village o\u00f9 se d\u00e9tache l&rsquo;\u00e9glise paroissiale et le clocher. L&rsquo;ermitage se compose de trois b\u00e2timents, le plus ancien \u00e9tant l&rsquo;\u00e9glise, puis les auberges et finalement une maison fut construite pour le cur\u00e9 qui s&rsquo;occupait des messes et du soin de l&rsquo;ensemble. Dans l&rsquo;ermitage sont c\u00e9l\u00e9br\u00e9es plusieurs f\u00eates tout au long de l&rsquo;ann\u00e9e, la premi\u00e8re co\u00efncide avec le dernier jour desf\u00eates des Maures et des Chr\u00e9tiens o\u00f9 apr\u00e8s le d\u00e9jeuner est repr\u00e9sent\u00e9 la d\u00e9pouille des Maures et leur conversion auchristianisme. La deuxi\u00e8me f\u00eate est c\u00e9l\u00e9br\u00e9e au mois de mai pour comm\u00e9morer l&rsquo;une des descentes de l&rsquo;image auvillage, quand fini la peste de chol\u00e9ra de l&rsquo;ann\u00e9e 1885. Le 10 ao\u00fbt, jour de Sant Lloren\u00e7, [&hellip;]<\/p>\n","protected":false},"author":1,"featured_media":6144,"parent":0,"menu_order":0,"comment_status":"closed","ping_status":"closed","template":"","meta":[],"_links":{"self":[{"href":"https:\/\/www.visitbocairent.es\/fr\/wp-json\/wp\/v2\/pages\/8297"}],"collection":[{"href":"https:\/\/www.visitbocairent.es\/fr\/wp-json\/wp\/v2\/pages"}],"about":[{"href":"https:\/\/www.visitbocairent.es\/fr\/wp-json\/wp\/v2\/types\/page"}],"author":[{"embeddable":true,"href":"https:\/\/www.visitbocairent.es\/fr\/wp-json\/wp\/v2\/users\/1"}],"replies":[{"embeddable":true,"href":"https:\/\/www.visitbocairent.es\/fr\/wp-json\/wp\/v2\/comments?post=8297"}],"version-history":[{"count":3,"href":"https:\/\/www.visitbocairent.es\/fr\/wp-json\/wp\/v2\/pages\/8297\/revisions"}],"predecessor-version":[{"id":8330,"href":"https:\/\/www.visitbocairent.es\/fr\/wp-json\/wp\/v2\/pages\/8297\/revisions\/8330"}],"wp:featuredmedia":[{"embeddable":true,"href":"https:\/\/www.visitbocairent.es\/fr\/wp-json\/wp\/v2\/media\/6144"}],"wp:attachment":[{"href":"https:\/\/www.visitbocairent.es\/fr\/wp-json\/wp\/v2\/media?parent=8297"}],"curies":[{"name":"wp","href":"https:\/\/api.w.org\/{rel}","templated":true}]}}