{"id":8281,"date":"2022-11-25T13:48:33","date_gmt":"2022-11-25T12:48:33","guid":{"rendered":"https:\/\/www.visitbocairent.es\/?page_id=8281"},"modified":"2023-05-16T16:40:31","modified_gmt":"2023-05-16T14:40:31","slug":"monastere-rupestre","status":"publish","type":"page","link":"https:\/\/www.visitbocairent.es\/fr\/monastere-rupestre\/","title":{"rendered":"Monast\u00e8re  Rupestre"},"content":{"rendered":"<p>[vc_row top_padding=\u00a0\u00bb40&Prime; bottom_padding=\u00a0\u00bb40&Prime;][vc_column width=\u00a0\u00bb2\/3&Prime;][vc_column_text]<\/p>\n<h4>L&rsquo;\u00e9difice conventuel du monast\u00e8re le plus moderne est une pi\u00e8ce de grand int\u00e9r\u00eat projet\u00e9e par l&rsquo;architecte moderniste d&rsquo;Alcoy Vicente Pascual, qui en recueille dans ses entrailles une autre encore plus pr\u00e9cieuse: un ancien couvent souterrain qui a \u00e9t\u00e9 creus\u00e9 dans la roche et que seulement quelques-uns ont eu l&rsquo;occasion de contempler, car il a \u00e9t\u00e9 ferm\u00e9 au XVIIIe si\u00e8cle.<\/h4>\n<p>L&rsquo;histoire remonte \u00e0 1556, lorsque le P\u00e8re Melcior Ferre d\u00e9cide de construire un monast\u00e8re pour de futures religieuses. Il s&rsquo;agirait d&rsquo;entourer l&rsquo;enceinte et d&rsquo;y creuser un monast\u00e8re rupestre. Le 10 mars 1556, six religieuses arriv\u00e8rent \u00e0 Bocairent en provenance du couvent de l&rsquo;Esp\u00e9rance de Valence, mais elles n&rsquo;occuperont le couvent quele 10 octobre de la m\u00eame ann\u00e9e. Le Monast\u00e8re-Couvent fut plac\u00e9 sous l\u2019\u00e9gide de la \u00abSacratissima Virgen Maria de Dolors et des Benaventurats Rois Mages\u00bb. En 1700, la chambre rupestre fut scell\u00e9e et le second couvent futconstruit, pour conserver en 1902 l&rsquo;actuel monast\u00e8re.<\/p>\n<p>La premi\u00e8re impression du visiteur en entrant dans la chapelle est surprenante, en contemplant une enceinte de 48 m\u00e8tres carr\u00e9s tr\u00e8s conserv\u00e9e, creus\u00e9e dans la roche, avec son toit sculpt\u00e9 en moulures taill\u00e9es avec une grande pr\u00e9cision, plusieurs pi\u00e8ces reli\u00e9es \u00e0 une sorte de grande cloche \u2013 respirateur sortant vers l\u2019ext\u00e9rieur (la grande chemin\u00e9e tronconique d\u2019environ 10 m\u00e8tres de haut qui \u00e9tait ouverte en son sommet), tout un ensemble rupestre parfaitement conserv\u00e9.<\/p>\n<p>\u00c0 l&rsquo;int\u00e9rieur du couvent, les visiteurs peuvent contempler l&rsquo;\u00e9glise, utilis\u00e9e par les religieuses jusqu&rsquo;en 1700 et commelieu de pri\u00e8re jusqu&rsquo;en 1900.<\/p>\n<p>Fruit de l&rsquo;aust\u00e9rit\u00e9 de l&rsquo;\u00e9poque, les s\u0153urs v\u00e9curent les vingt premi\u00e8res ann\u00e9es de la fondation du couvent dans des d\u00e9pendances, comme celles de ce couvent, caract\u00e9ris\u00e9es par le manque de soleil et d&rsquo;humidit\u00e9.<br \/>\nApr\u00e8s ces deux premi\u00e8res d\u00e9cennies, les religieuses ont quitt\u00e9 les cellules rupestres pour habiter la maison de Mossen Melcior Ferre, qui les a l\u00e9gu\u00e9 \u00e0 sa mort. Ces deux maisons sont juste au-dessus du couvent primitif et communiquent avec le souterrain.[\/vc_column_text][\/vc_column][vc_column width=\u00a0\u00bb1\/3&Prime;]<div class=\"box clearfix style-4 wpb_content_element align-center \" style=\"padding: 20px 20px 20px 20px; \">\n<h4><strong>Visite du monast\u00e8re rupestre<\/strong><\/h4>\n<a href=\"\/fr\/series\/visita-monestir-rupestre\/\" target=\"_self\" class=\"button color-1 medium \" style=\"border-radius: 2px;\"><i class='fa fa-ticket'><\/i>ACHETER DES BILLETS<\/a><\/div><div class=\"box clearfix style-4 wpb_content_element align-center \" style=\"padding: 20px 20px 20px 20px; \">\n<h4><strong>Visite combin\u00e9e<\/strong><\/h4>\n<p>Visite du Monast\u00e8re rocheux, du Mus\u00e9e des m\u00e9tiers et des coutumes, de l\u2019\u00c9glise et du clocher et du mus\u00e9e paroissial<\/p>\n<a href=\"\/fr\/series\/visita-combinada\/\" target=\"_self\" class=\"button color-1 medium \" style=\"border-radius: 2px;\"><i class='fa fa-ticket'><\/i>ACHETER DES BILLETS<\/a><\/div><a href=\"https:\/\/www.tripadvisor.es\/Attraction_Review-g609039-d12156990-Reviews-Monestir_de_Bocairent-Bocairente_Province_of_Valencia_Valencian_Community.html\" target=\"_blank\" class=\"button green full \" style=\"border-radius: 4px;\"><i class='fa fa-tripadvisor'><\/i>TripAdvisor<\/a>[\/vc_column][\/vc_row][vc_row type=\u00a0\u00bbfull_width_section\u00a0\u00bb text_color=\u00a0\u00bbcustom\u00a0\u00bb custom_text_color=\u00a0\u00bb#999999&Prime; top_padding=\u00a0\u00bb40&Prime; bottom_padding=\u00a0\u00bb40&Prime;][vc_column width=\u00a0\u00bb1\/1&Prime;][vc_row_inner][vc_column_inner width=\u00a0\u00bb1\/3&Prime;][vc_single_image image=\u00a0\u00bb5886&Prime; img_size=\u00a0\u00bblarge\u00a0\u00bb add_caption=\u00a0\u00bbyes\u00a0\u00bb onclick=\u00a0\u00bblink_image\u00a0\u00bb el_class=\u00a0\u00bbprettyPhoto\u00a0\u00bb][\/vc_column_inner][vc_column_inner width=\u00a0\u00bb1\/3&Prime;][vc_single_image image=\u00a0\u00bb5885&Prime; img_size=\u00a0\u00bblarge\u00a0\u00bb add_caption=\u00a0\u00bbyes\u00a0\u00bb onclick=\u00a0\u00bblink_image\u00a0\u00bb][\/vc_column_inner][vc_column_inner width=\u00a0\u00bb1\/3&Prime;][vc_single_image image=\u00a0\u00bb5884&Prime; img_size=\u00a0\u00bblarge\u00a0\u00bb add_caption=\u00a0\u00bbyes\u00a0\u00bb onclick=\u00a0\u00bblink_image\u00a0\u00bb][\/vc_column_inner][\/vc_row_inner][vc_row_inner][vc_column_inner width=\u00a0\u00bb1\/3&Prime;][vc_single_image image=\u00a0\u00bb5883&Prime; img_size=\u00a0\u00bblarge\u00a0\u00bb add_caption=\u00a0\u00bbyes\u00a0\u00bb onclick=\u00a0\u00bblink_image\u00a0\u00bb][\/vc_column_inner][vc_column_inner width=\u00a0\u00bb1\/3&Prime;][vc_single_image image=\u00a0\u00bb5882&Prime; img_size=\u00a0\u00bblarge\u00a0\u00bb add_caption=\u00a0\u00bbyes\u00a0\u00bb onclick=\u00a0\u00bblink_image\u00a0\u00bb][\/vc_column_inner][vc_column_inner width=\u00a0\u00bb1\/3&Prime;][vc_single_image image=\u00a0\u00bb5889&Prime; img_size=\u00a0\u00bblarge\u00a0\u00bb add_caption=\u00a0\u00bbyes\u00a0\u00bb onclick=\u00a0\u00bblink_image\u00a0\u00bb][\/vc_column_inner][\/vc_row_inner][vc_row_inner][vc_column_inner width=\u00a0\u00bb1\/4&Prime;][vc_single_image image=\u00a0\u00bb5881&Prime; img_size=\u00a0\u00bblarge\u00a0\u00bb add_caption=\u00a0\u00bbyes\u00a0\u00bb onclick=\u00a0\u00bblink_image\u00a0\u00bb][\/vc_column_inner][vc_column_inner width=\u00a0\u00bb1\/4&Prime;][vc_single_image image=\u00a0\u00bb5880&Prime; img_size=\u00a0\u00bblarge\u00a0\u00bb add_caption=\u00a0\u00bbyes\u00a0\u00bb onclick=\u00a0\u00bblink_image\u00a0\u00bb][\/vc_column_inner][vc_column_inner width=\u00a0\u00bb1\/4&Prime;][vc_single_image image=\u00a0\u00bb5878&Prime; img_size=\u00a0\u00bblarge\u00a0\u00bb add_caption=\u00a0\u00bbyes\u00a0\u00bb onclick=\u00a0\u00bblink_image\u00a0\u00bb][\/vc_column_inner][vc_column_inner width=\u00a0\u00bb1\/4&Prime;][vc_single_image image=\u00a0\u00bb5877&Prime; img_size=\u00a0\u00bblarge\u00a0\u00bb add_caption=\u00a0\u00bbyes\u00a0\u00bb onclick=\u00a0\u00bblink_image\u00a0\u00bb][\/vc_column_inner][\/vc_row_inner][\/vc_column][\/vc_row]<\/p>\n","protected":false},"excerpt":{"rendered":"<p>[vc_row top_padding=\u00a0\u00bb40&Prime; bottom_padding=\u00a0\u00bb40&Prime;][vc_column width=\u00a0\u00bb2\/3&Prime;][vc_column_text] L&rsquo;\u00e9difice conventuel du monast\u00e8re le plus moderne est une pi\u00e8ce de grand int\u00e9r\u00eat projet\u00e9e par l&rsquo;architecte moderniste d&rsquo;Alcoy Vicente Pascual, qui en recueille dans ses entrailles une autre encore plus pr\u00e9cieuse: un ancien couvent souterrain qui a \u00e9t\u00e9 creus\u00e9 dans la roche et que seulement quelques-uns ont eu l&rsquo;occasion de contempler, car il a \u00e9t\u00e9 ferm\u00e9 au XVIIIe si\u00e8cle. L&rsquo;histoire remonte \u00e0 1556, lorsque le P\u00e8re Melcior Ferre d\u00e9cide de construire un monast\u00e8re pour de futures religieuses. Il s&rsquo;agirait d&rsquo;entourer l&rsquo;enceinte et d&rsquo;y creuser un monast\u00e8re rupestre. Le 10 mars 1556, six religieuses arriv\u00e8rent \u00e0 Bocairent en provenance du couvent de l&rsquo;Esp\u00e9rance de Valence, mais elles n&rsquo;occuperont le couvent quele 10 octobre de la m\u00eame ann\u00e9e. Le Monast\u00e8re-Couvent fut plac\u00e9 sous l\u2019\u00e9gide de la \u00abSacratissima Virgen Maria de Dolors et des Benaventurats Rois Mages\u00bb. En 1700, la chambre rupestre fut scell\u00e9e et le second couvent futconstruit, pour conserver en 1902 l&rsquo;actuel monast\u00e8re. La premi\u00e8re impression du visiteur en entrant dans la chapelle est surprenante, en contemplant une enceinte de 48 m\u00e8tres carr\u00e9s tr\u00e8s conserv\u00e9e, creus\u00e9e dans la roche, avec son toit sculpt\u00e9 en moulures taill\u00e9es avec une grande pr\u00e9cision, plusieurs pi\u00e8ces reli\u00e9es \u00e0 une sorte de [&hellip;]<\/p>\n","protected":false},"author":1,"featured_media":5976,"parent":0,"menu_order":0,"comment_status":"closed","ping_status":"closed","template":"","meta":[],"_links":{"self":[{"href":"https:\/\/www.visitbocairent.es\/fr\/wp-json\/wp\/v2\/pages\/8281"}],"collection":[{"href":"https:\/\/www.visitbocairent.es\/fr\/wp-json\/wp\/v2\/pages"}],"about":[{"href":"https:\/\/www.visitbocairent.es\/fr\/wp-json\/wp\/v2\/types\/page"}],"author":[{"embeddable":true,"href":"https:\/\/www.visitbocairent.es\/fr\/wp-json\/wp\/v2\/users\/1"}],"replies":[{"embeddable":true,"href":"https:\/\/www.visitbocairent.es\/fr\/wp-json\/wp\/v2\/comments?post=8281"}],"version-history":[{"count":3,"href":"https:\/\/www.visitbocairent.es\/fr\/wp-json\/wp\/v2\/pages\/8281\/revisions"}],"predecessor-version":[{"id":8284,"href":"https:\/\/www.visitbocairent.es\/fr\/wp-json\/wp\/v2\/pages\/8281\/revisions\/8284"}],"wp:featuredmedia":[{"embeddable":true,"href":"https:\/\/www.visitbocairent.es\/fr\/wp-json\/wp\/v2\/media\/5976"}],"wp:attachment":[{"href":"https:\/\/www.visitbocairent.es\/fr\/wp-json\/wp\/v2\/media?parent=8281"}],"curies":[{"name":"wp","href":"https:\/\/api.w.org\/{rel}","templated":true}]}}