{"id":8277,"date":"2022-11-18T10:37:37","date_gmt":"2022-11-18T09:37:37","guid":{"rendered":"https:\/\/www.visitbocairent.es\/?page_id=8277"},"modified":"2023-05-16T13:48:01","modified_gmt":"2023-05-16T11:48:01","slug":"les-symboles-de-la-porte","status":"publish","type":"page","link":"https:\/\/www.visitbocairent.es\/fr\/les-symboles-de-la-porte\/","title":{"rendered":"Les symboles de la porte"},"content":{"rendered":"<p>[vc_row top_padding=\u00a0\u00bb30&Prime; bottom_padding=\u00a0\u00bb60&Prime;][vc_column width=\u00a0\u00bb2\/3&Prime;][vc_column_text]<\/p>\n<h2>Connaissez-vous\u00a0la signification des dessins qui ornent la porte d&rsquo;entr\u00e9e de l&rsquo;\u00e9glise?<\/h2>\n<p>La r\u00e9novation en 2015 de l\u2019encastrememt des portes principales a mis en \u00e9vidence la somptueuse d\u00e9coration qui les orne. Symboles et all\u00e9gories s&rsquo;unissent pour faire un chant \u00e0 J\u00e9sus-Christ et \u00e0 la Vierge Marie, titulaire du temple. Les portes annoncent le Christ, qui a dit\u00a0\u00abJe suis la porte des brebis\u00bb (Jn 10, 7-10), et elles aclament Marie et proclament ses louanges.<\/p>\n<p>La premi\u00e8re impression devant les portes est la profusion de bordures V\u00c9G\u00c9TALES ET FLEURS: elles annoncent le ciel comme un nouveau paradis, un nouveau jardin fleuri et verdoyant, un nouvel Eden. \u00c0 travers du regard, s&rsquo;annoncent tous les sens: par cette porte, on entre dans la vie.<\/p>\n<p>La deuxi\u00e8me impression attire l&rsquo;attention sur les portes o\u00f9 deux grands symboles s&rsquo;y trouvent: le SOLEIL et la LUNE. Ils apparaissent d\u00e9j\u00e0 dans l&rsquo;Apocalypse, et depuis les temps anciens ils repr\u00e9sentent le Christ et Marie: J\u00e9sus-Christest comme le soleil, qui a rempli de sa lumi\u00e8re le monde; Marie est comme la lune, qui a re\u00e7u la lumi\u00e8re du soleil et la refl\u00e8te sur les hommes. Les deux grands symboles apparaissent, orn\u00e9s de couronnes qui leur donnent solennit\u00e9.<\/p>\n<p>En regardant vers le haut, appara\u00eet une DOUBLE ANAGRAMME, avec de grandes lettres li\u00e9es: \u201cAVV\u201d et \u201cMI\u201d. Ils sont l&rsquo;acrostique de AVV(e) MI(ria), et ils r\u00e9p\u00e8tent le salut de l&rsquo;ange \u00e0 Marie \u00e0 l&rsquo;Annonciation.<\/p>\n<p>En flanquant les quatre c\u00f4t\u00e9s de la salutation, la louange \u00e0 la Vierge Marie est compl\u00e9t\u00e9e par la repr\u00e9sentation de huit attributs de Marie, sous la forme de figures de la Litanie. Ce sont des symboles qui apparaissent d\u00e9j\u00e0 dans l&rsquo;Ancien Testament, et que la d\u00e9votion m\u00e9di\u00e9vale a appliqu\u00e9 \u00e0 la Vierge Marie sous forme d&rsquo;all\u00e9gorie:<\/p>\n<ul>\n<li>PALMIER\u00a0\u2013 Symbole de la vie, dans le d\u00e9sert.<\/li>\n<li>CYPR\u00c8S \u2013 Symbole de l\u2019\u00e9ternit\u00e9, ne perd pas la feuille et son bois ne se d\u00e9t\u00e9riore pas.<\/li>\n<li>LYS \u2013 Symbole de chastet\u00e9 et de puret\u00e9.<\/li>\n<li>ROSE \u2013 Symbole de la charit\u00e9, pour l&rsquo;ar\u00f4me qu&rsquo;elle offre \u00e0 tous.<\/li>\n<li>PORTE \u2013 Symbole du chemin qui m\u00e8ne au ciel.<\/li>\n<li>PUITS \u2013 Symbole de la sagesse, qui \u00e9mane comme l&rsquo;eau.<\/li>\n<li>SOURCE\u2013 Symbole de Marie, dont J\u00e9sus est n\u00e9.<\/li>\n<li>TOUR \u2013 Symbole de la force dans la foi.<\/li>\n<\/ul>\n<p>[\/vc_column_text][vc_media_grid element_width=\u00a0\u00bb3&Prime; item=\u00a0\u00bbmasonryMedia_Default\u00a0\u00bb initial_loading_animation=\u00a0\u00bbbounceInLeft\u00a0\u00bb grid_id=\u00a0\u00bbvc_gid:1684237658926-6a2bc922-4f0c-0&Prime; include=\u00a0\u00bb7528,7524,7520,7516&Prime;][\/vc_column][vc_column width=\u00a0\u00bb1\/3&Prime;][vc_single_image image=\u00a0\u00bb5579&Prime; img_size=\u00a0\u00bbfull\u00a0\u00bb add_caption=\u00a0\u00bbyes\u00a0\u00bb onclick=\u00a0\u00bblink_image\u00a0\u00bb css_animation=\u00a0\u00bbbounceInRight\u00a0\u00bb][vc_single_image image=\u00a0\u00bb5482&Prime; img_size=\u00a0\u00bblarge\u00a0\u00bb add_caption=\u00a0\u00bbyes\u00a0\u00bb onclick=\u00a0\u00bblink_image\u00a0\u00bb css_animation=\u00a0\u00bbbounceInRight\u00a0\u00bb][\/vc_column][\/vc_row]<\/p>\n","protected":false},"excerpt":{"rendered":"<p>[vc_row top_padding=\u00a0\u00bb30&Prime; bottom_padding=\u00a0\u00bb60&Prime;][vc_column width=\u00a0\u00bb2\/3&Prime;][vc_column_text] Connaissez-vous\u00a0la signification des dessins qui ornent la porte d&rsquo;entr\u00e9e de l&rsquo;\u00e9glise? La r\u00e9novation en 2015 de l\u2019encastrememt des portes principales a mis en \u00e9vidence la somptueuse d\u00e9coration qui les orne. Symboles et all\u00e9gories s&rsquo;unissent pour faire un chant \u00e0 J\u00e9sus-Christ et \u00e0 la Vierge Marie, titulaire du temple. Les portes annoncent le Christ, qui a dit\u00a0\u00abJe suis la porte des brebis\u00bb (Jn 10, 7-10), et elles aclament Marie et proclament ses louanges. La premi\u00e8re impression devant les portes est la profusion de bordures V\u00c9G\u00c9TALES ET FLEURS: elles annoncent le ciel comme un nouveau paradis, un nouveau jardin fleuri et verdoyant, un nouvel Eden. \u00c0 travers du regard, s&rsquo;annoncent tous les sens: par cette porte, on entre dans la vie. La deuxi\u00e8me impression attire l&rsquo;attention sur les portes o\u00f9 deux grands symboles s&rsquo;y trouvent: le SOLEIL et la LUNE. Ils apparaissent d\u00e9j\u00e0 dans l&rsquo;Apocalypse, et depuis les temps anciens ils repr\u00e9sentent le Christ et Marie: J\u00e9sus-Christest comme le soleil, qui a rempli de sa lumi\u00e8re le monde; Marie est comme la lune, qui a re\u00e7u la lumi\u00e8re du soleil et la refl\u00e8te sur les hommes. Les deux grands symboles apparaissent, orn\u00e9s de couronnes qui leur donnent solennit\u00e9. [&hellip;]<\/p>\n","protected":false},"author":1,"featured_media":0,"parent":0,"menu_order":0,"comment_status":"closed","ping_status":"closed","template":"","meta":[],"_links":{"self":[{"href":"https:\/\/www.visitbocairent.es\/fr\/wp-json\/wp\/v2\/pages\/8277"}],"collection":[{"href":"https:\/\/www.visitbocairent.es\/fr\/wp-json\/wp\/v2\/pages"}],"about":[{"href":"https:\/\/www.visitbocairent.es\/fr\/wp-json\/wp\/v2\/types\/page"}],"author":[{"embeddable":true,"href":"https:\/\/www.visitbocairent.es\/fr\/wp-json\/wp\/v2\/users\/1"}],"replies":[{"embeddable":true,"href":"https:\/\/www.visitbocairent.es\/fr\/wp-json\/wp\/v2\/comments?post=8277"}],"version-history":[{"count":3,"href":"https:\/\/www.visitbocairent.es\/fr\/wp-json\/wp\/v2\/pages\/8277\/revisions"}],"predecessor-version":[{"id":8280,"href":"https:\/\/www.visitbocairent.es\/fr\/wp-json\/wp\/v2\/pages\/8277\/revisions\/8280"}],"wp:attachment":[{"href":"https:\/\/www.visitbocairent.es\/fr\/wp-json\/wp\/v2\/media?parent=8277"}],"curies":[{"name":"wp","href":"https:\/\/api.w.org\/{rel}","templated":true}]}}