{"id":6482,"date":"2022-11-25T13:53:06","date_gmt":"2022-11-25T12:53:06","guid":{"rendered":"https:\/\/www.visitbocairent.es\/?page_id=6482"},"modified":"2023-01-04T18:12:41","modified_gmt":"2023-01-04T17:12:41","slug":"museo-parroquial","status":"publish","type":"page","link":"https:\/\/www.visitbocairent.es\/es\/museo-parroquial\/","title":{"rendered":"Museo Parroquial"},"content":{"rendered":"<p>[vc_row top_padding=\u00bb40&#8243; bottom_padding=\u00bb40&#8243;][vc_column width=\u00bb2\/3&#8243;][vc_column_text]<\/p>\n<h5>En el Museo Parroquial tienes a tu alcance una de las mejores pinacotecas de arte sacro de la Comunidad Valenciana (colecci\u00f3n museogr\u00e1fica permanente reconocida por la Generalitat Valenciana), con obras de Juan de Juanes, Joaqu\u00edn Sorolla, el Maestro de Borbot\u00f3, Ribalta, Segrelles, Mariano Benlliure, Crist\u00f3bal Lloren\u00e7, Gaspar Requena, Blas Silvestre\u2026 Un aut\u00e9ntico placer para los amantes del arte, sin pasar por alto la importante colecci\u00f3n de orfebrer\u00eda, textil, cer\u00e1mica y otras piezas destacadas, en un Museo que ha sido remodelado recientemente por la Fundaci\u00f3n La Luz de las Im\u00e1genes de la Comunitat Valenciana.<\/h5>\n<h3>SALA DE ORFEBRERIA<\/h3>\n<p>Los lienzos del pintor bocairentino Blas Silvestre decoran el techo. Destaca una de las obras m\u00e1s importantes: el Gui\u00f3n de San Blas, pintado por <strong>Joaqu\u00edn Sorolla<\/strong> en 1902. Tambi\u00e9n podemos encontrar la <strong>Virgen Mar\u00eda de la Salud<\/strong>, del siglo XV, atribuida al Maestro Cabanes y a Nicol\u00e1s Falc\u00f3. Entre los objetos que se exponen, podemos destacar un Lignum Crucis de estilo plateresco del siglo XVIII, la capa pluvial y el c\u00e1liz de San Juan de Ribera, atribuido al escultor florentino <strong>Benvenuto Cellini<\/strong>, la Casulla G\u00f3tica del siglo XV y el Libro de los Privilegios de la Real F\u00e1brica de Pa\u00f1os, concedidos por Felipe II a Bocairent en 1587.<\/p>\n<h3>SALAS DE PINTURA Y ESCULTURA<\/h3>\n<p>En un total de siete espacios diferenciados encontraremos una magn\u00edfica colecci\u00f3n de pintura, escultura y cer\u00e1mica con obras de entre los siglos XIV y XX. As\u00ed destacamos obras como el estandarte de San Luis Gonzaga, obra de <strong>Segrelles<\/strong>, el Retablo de Santiago, pintado por <strong>Gaspar Requena<\/strong>, disc\u00edpulo de Juan de Juanes, la Santa Cena del <strong>Maestro de Borbot\u00f3<\/strong>, la Virgen del Pilar de Antonio Palomino o Cristo Jacent de <strong>Mariano Benlliure<\/strong>\u2026 En la parte superior encontraremos una magn\u00edfica colecci\u00f3n de <strong>cer\u00e1mica valenciana del siglo XV<\/strong> y un espacio dedicado al pintor local <strong>Blas Silvestre<\/strong>, desde donde se puede observar la arquitectura interior de las b\u00f3vedas de la Iglesia.[\/vc_column_text][\/vc_column][vc_column width=\u00bb1\/3&#8243;]<div class=\"box clearfix style-4 wpb_content_element align-center \" style=\"padding: 20px 20px 20px 20px; \">\n<h4><strong>Visita a la Iglesia, Campanario y Museo Parroquial<\/strong><\/h4>\n<a href=\"\/es\/series\/visita-esglesia-campanar-i-museu-parroquial\/\" target=\"_self\" class=\"button color-1 medium \" style=\"border-radius: 2px;\"><i class='fa fa-ticket'><\/i>Adquirir entradas<\/a><\/div><div class=\"box clearfix style-4 wpb_content_element align-center \" style=\"padding: 20px 20px 20px 20px; \">\n<h4><strong>Visita combinada<\/strong><\/h4>\n<p>Visita al Monasterio Rupestre, Museo de Oficios y Costumbres, Iglesia y Campanario y Museo Parroquial<\/p>\n<a href=\"\/es\/series\/visita-combinada\/\" target=\"_self\" class=\"button color-1 medium \" style=\"border-radius: 2px;\"><i class='fa fa-ticket'><\/i>Adquirir entradas<\/a><\/div>[\/vc_column][\/vc_row][vc_row type=\u00bbfull_width_section\u00bb][vc_column width=\u00bb1\/1&#8243;][vc_row_inner][vc_column_inner width=\u00bb1\/6&#8243;][vc_single_image image=\u00bb5907&#8243; img_size=\u00bblarge\u00bb add_caption=\u00bbyes\u00bb onclick=\u00bblink_image\u00bb][\/vc_column_inner][vc_column_inner width=\u00bb1\/6&#8243;][vc_single_image image=\u00bb5905&#8243; img_size=\u00bblarge\u00bb add_caption=\u00bbyes\u00bb onclick=\u00bblink_image\u00bb][\/vc_column_inner][vc_column_inner width=\u00bb1\/6&#8243;][vc_single_image image=\u00bb5904&#8243; img_size=\u00bblarge\u00bb add_caption=\u00bbyes\u00bb onclick=\u00bblink_image\u00bb][\/vc_column_inner][vc_column_inner width=\u00bb1\/6&#8243;][vc_single_image image=\u00bb5901&#8243; img_size=\u00bblarge\u00bb add_caption=\u00bbyes\u00bb onclick=\u00bblink_image\u00bb][\/vc_column_inner][vc_column_inner width=\u00bb1\/6&#8243;][vc_single_image image=\u00bb5911&#8243; img_size=\u00bblarge\u00bb add_caption=\u00bbyes\u00bb onclick=\u00bblink_image\u00bb][\/vc_column_inner][vc_column_inner width=\u00bb1\/6&#8243;][vc_single_image image=\u00bb5922&#8243; img_size=\u00bblarge\u00bb add_caption=\u00bbyes\u00bb onclick=\u00bblink_image\u00bb][\/vc_column_inner][\/vc_row_inner][vc_row_inner][vc_column_inner width=\u00bb1\/4&#8243;][vc_single_image image=\u00bb5923&#8243; img_size=\u00bblarge\u00bb add_caption=\u00bbyes\u00bb onclick=\u00bblink_image\u00bb][\/vc_column_inner][vc_column_inner width=\u00bb1\/4&#8243;][vc_single_image image=\u00bb5908&#8243; img_size=\u00bblarge\u00bb add_caption=\u00bbyes\u00bb onclick=\u00bblink_image\u00bb][\/vc_column_inner][vc_column_inner width=\u00bb1\/4&#8243;][vc_single_image image=\u00bb5919&#8243; img_size=\u00bblarge\u00bb add_caption=\u00bbyes\u00bb onclick=\u00bblink_image\u00bb][\/vc_column_inner][vc_column_inner width=\u00bb1\/4&#8243;][vc_single_image image=\u00bb5921&#8243; img_size=\u00bblarge\u00bb add_caption=\u00bbyes\u00bb onclick=\u00bblink_image\u00bb][\/vc_column_inner][\/vc_row_inner][vc_row_inner][vc_column_inner width=\u00bb1\/4&#8243;][vc_single_image image=\u00bb5902&#8243; img_size=\u00bblarge\u00bb add_caption=\u00bbyes\u00bb onclick=\u00bblink_image\u00bb][\/vc_column_inner][vc_column_inner width=\u00bb1\/4&#8243;][vc_single_image image=\u00bb5900&#8243; img_size=\u00bblarge\u00bb add_caption=\u00bbyes\u00bb onclick=\u00bblink_image\u00bb][\/vc_column_inner][vc_column_inner width=\u00bb1\/4&#8243;][vc_single_image image=\u00bb5918&#8243; img_size=\u00bblarge\u00bb add_caption=\u00bbyes\u00bb onclick=\u00bblink_image\u00bb][\/vc_column_inner][vc_column_inner width=\u00bb1\/4&#8243;][vc_single_image image=\u00bb5917&#8243; img_size=\u00bblarge\u00bb add_caption=\u00bbyes\u00bb onclick=\u00bblink_image\u00bb][\/vc_column_inner][\/vc_row_inner][\/vc_column][\/vc_row]<\/p>\n","protected":false},"excerpt":{"rendered":"<p>[vc_row top_padding=\u00bb40&#8243; bottom_padding=\u00bb40&#8243;][vc_column width=\u00bb2\/3&#8243;][vc_column_text] En el Museo Parroquial tienes a tu alcance una de las mejores pinacotecas de arte sacro de la Comunidad Valenciana (colecci\u00f3n museogr\u00e1fica permanente reconocida por la Generalitat Valenciana), con obras de Juan de Juanes, Joaqu\u00edn Sorolla, el Maestro de Borbot\u00f3, Ribalta, Segrelles, Mariano Benlliure, Crist\u00f3bal Lloren\u00e7, Gaspar Requena, Blas Silvestre\u2026 Un aut\u00e9ntico placer para los amantes del arte, sin pasar por alto la importante colecci\u00f3n de orfebrer\u00eda, textil, cer\u00e1mica y otras piezas destacadas, en un Museo que ha sido remodelado recientemente por la Fundaci\u00f3n La Luz de las Im\u00e1genes de la Comunitat Valenciana. SALA DE ORFEBRERIA Los lienzos del pintor bocairentino Blas Silvestre decoran el techo. Destaca una de las obras m\u00e1s importantes: el Gui\u00f3n de San Blas, pintado por Joaqu\u00edn Sorolla en 1902. Tambi\u00e9n podemos encontrar la Virgen Mar\u00eda de la Salud, del siglo XV, atribuida al Maestro Cabanes y a Nicol\u00e1s Falc\u00f3. Entre los objetos que se exponen, podemos destacar un Lignum Crucis de estilo plateresco del siglo XVIII, la capa pluvial y el c\u00e1liz de San Juan de Ribera, atribuido al escultor florentino Benvenuto Cellini, la Casulla G\u00f3tica del siglo XV y el Libro de los Privilegios de la Real F\u00e1brica de Pa\u00f1os, [&hellip;]<\/p>\n","protected":false},"author":1,"featured_media":6019,"parent":0,"menu_order":0,"comment_status":"closed","ping_status":"closed","template":"","meta":[],"_links":{"self":[{"href":"https:\/\/www.visitbocairent.es\/es\/wp-json\/wp\/v2\/pages\/6482"}],"collection":[{"href":"https:\/\/www.visitbocairent.es\/es\/wp-json\/wp\/v2\/pages"}],"about":[{"href":"https:\/\/www.visitbocairent.es\/es\/wp-json\/wp\/v2\/types\/page"}],"author":[{"embeddable":true,"href":"https:\/\/www.visitbocairent.es\/es\/wp-json\/wp\/v2\/users\/1"}],"replies":[{"embeddable":true,"href":"https:\/\/www.visitbocairent.es\/es\/wp-json\/wp\/v2\/comments?post=6482"}],"version-history":[{"count":3,"href":"https:\/\/www.visitbocairent.es\/es\/wp-json\/wp\/v2\/pages\/6482\/revisions"}],"predecessor-version":[{"id":6485,"href":"https:\/\/www.visitbocairent.es\/es\/wp-json\/wp\/v2\/pages\/6482\/revisions\/6485"}],"wp:featuredmedia":[{"embeddable":true,"href":"https:\/\/www.visitbocairent.es\/es\/wp-json\/wp\/v2\/media\/6019"}],"wp:attachment":[{"href":"https:\/\/www.visitbocairent.es\/es\/wp-json\/wp\/v2\/media?parent=6482"}],"curies":[{"name":"wp","href":"https:\/\/api.w.org\/{rel}","templated":true}]}}