{"id":6477,"date":"2022-11-25T13:56:46","date_gmt":"2022-11-25T12:56:46","guid":{"rendered":"https:\/\/www.visitbocairent.es\/?page_id=6477"},"modified":"2026-03-12T11:03:00","modified_gmt":"2026-03-12T10:03:00","slug":"museo-de-oficios-y-costumbres","status":"publish","type":"page","link":"https:\/\/www.visitbocairent.es\/es\/museo-de-oficios-y-costumbres\/","title":{"rendered":"Museo de Oficios y Costumbres"},"content":{"rendered":"<p>[vc_row top_padding=\u00bb40&#8243; bottom_padding=\u00bb40&#8243;][vc_column width=\u00bb2\/3&#8243;][vc_column_text]<\/p>\n<h5>El Museo de Oficios y Costumbres de Bocairent (MOCB), espacio de etnolog\u00eda del Museo Parroquial, se encuentra ubicado en la Abad\u00eda. El edificio ha sido rehabilitado recientemente y acoge en su interior una interesante colecci\u00f3n etnol\u00f3gica, estructurada en cuatro apartados fundamentales:<\/h5>\n<h3><strong>La industria textil<\/strong><\/h3>\n<p>Principal actividad econ\u00f3mica de la historia de Bocairent. Incluye telares manuales, maquinaria del proceso de producci\u00f3n de la manta, documentaci\u00f3n, fotos del proceso de fabricaci\u00f3n de las mantas\u2026<\/p>\n<h3><strong>El campo y la monta\u00f1a<\/strong><\/h3>\n<p>Espacio dedicado a los oficios y costumbres de la agricultura, las mas\u00edas, y las actividades econ\u00f3micas que se desarrollaban en la Sierra de Mariola: los le\u00f1adores, la miel, la matanza del cerdo, el mundo de los cereales, el vino y el aceite\u2026<\/p>\n<h3><strong>Usos y costumbres locales de Bocairent<\/strong><\/h3>\n<p>Ocio, fiestas populares en barrios y ermitas, tradiciones, la imprenta, la fotograf\u00eda\u2026 En este apartado podr\u00e1 encontrar uno de los siete \u00abcabolos\u00bb (el Mestre) de las fiestas de San Agust\u00edn, as\u00ed como los trajes tradicionales de Bocairent (uno de mujer y uno de hombre).<\/p>\n<h3><strong>La escuela y el Patronato<\/strong><\/h3>\n<p>Apartado dedicado a la educaci\u00f3n en Bocairent, fotos antiguas, juguetes y juegos populares, una r\u00e9plica de una escuela y referencias al Patronato y su labor educativa en Bocairent durante m\u00e1s de cien a\u00f1os\u2026 Cada \u00e1rea tem\u00e1tica est\u00e1 complementada con paneles explicativos (en valenciano y castellano) y cada pieza est\u00e1 perfectamente identificada con su nombre, utilidad y procedencia. Adem\u00e1s, dichos del habla popular, en las paredes, acompa\u00f1an el recorrido por el museo. La mayor parte de las piezas exhibidas son cesiones o donaciones de particulares, familias y empresas de Bocairent.[\/vc_column_text][\/vc_column][vc_column width=\u00bb1\/3&#8243;]<div class=\"box clearfix style-4 wpb_content_element align-center \" style=\"padding: 20px 20px 20px 20px; \">\n<h4><strong>Visita al Museo de Oficios y Costumbres<\/strong><\/h4>\n<a href=\"\/es\/series\/visita-al-museu-doficis-i-costums-de-bocairent\/\" target=\"_self\" class=\"button color-1 medium \" style=\"border-radius: 2px;\"><i class='fa fa-ticket'><\/i>Adquirir entradas<\/a><\/div><div class=\"box clearfix style-4 wpb_content_element align-center \" style=\"padding: 20px 20px 20px 20px; \">\n<h4><strong>Visita combinada<\/strong><\/h4>\n<p>Visita al Monasterio Rupestre, Museo de Oficios y Costumbres, Iglesia y Campanario y Museo Parroquial<\/p>\n<a href=\"\/es\/series\/visita-combinada\/\" target=\"_self\" class=\"button color-1 medium \" style=\"border-radius: 2px;\"><i class='fa fa-ticket'><\/i>Adquirir entradas<\/a><\/div><div class=\"box clearfix style-4 wpb_content_element align-center \" style=\"padding: 20px 20px 20px 20px; \">\n<h4><strong>Folleto tur\u00edstico<\/strong><\/h4>\n<p>&nbsp;<\/p>\n<a href=\"https:\/\/www.visitbocairent.es\/wp-content\/uploads\/2026\/03\/Fullet-MOCB.pdf\" target=\"_self\" class=\"button color-1 medium \" style=\"border-radius: 2px;\"><i class='fa fa-download'><\/i>Descarrega<\/a><\/div>[\/vc_column][\/vc_row][vc_row type=\u00bbfull_width_section\u00bb][vc_column width=\u00bb1\/1&#8243;][vc_row_inner][vc_column_inner width=\u00bb1\/4&#8243;][vc_single_image image=\u00bb5940&#8243; img_size=\u00bblarge\u00bb add_caption=\u00bbyes\u00bb onclick=\u00bblink_image\u00bb][\/vc_column_inner][vc_column_inner width=\u00bb1\/4&#8243;][vc_single_image image=\u00bb5937&#8243; img_size=\u00bblarge\u00bb add_caption=\u00bbyes\u00bb onclick=\u00bblink_image\u00bb][\/vc_column_inner][vc_column_inner width=\u00bb1\/4&#8243;][vc_single_image image=\u00bb5936&#8243; img_size=\u00bblarge\u00bb add_caption=\u00bbyes\u00bb onclick=\u00bblink_image\u00bb][\/vc_column_inner][vc_column_inner width=\u00bb1\/4&#8243;][vc_single_image image=\u00bb5935&#8243; img_size=\u00bblarge\u00bb add_caption=\u00bbyes\u00bb onclick=\u00bblink_image\u00bb][\/vc_column_inner][\/vc_row_inner][vc_row_inner][vc_column_inner width=\u00bb1\/6&#8243;][vc_single_image image=\u00bb5939&#8243; img_size=\u00bblarge\u00bb add_caption=\u00bbyes\u00bb onclick=\u00bblink_image\u00bb][\/vc_column_inner][vc_column_inner width=\u00bb1\/6&#8243;][vc_single_image image=\u00bb5938&#8243; img_size=\u00bblarge\u00bb add_caption=\u00bbyes\u00bb onclick=\u00bblink_image\u00bb][\/vc_column_inner][vc_column_inner width=\u00bb1\/6&#8243;][vc_single_image image=\u00bb5934&#8243; img_size=\u00bblarge\u00bb add_caption=\u00bbyes\u00bb onclick=\u00bblink_image\u00bb][\/vc_column_inner][vc_column_inner width=\u00bb1\/6&#8243;][vc_single_image image=\u00bb5932&#8243; img_size=\u00bblarge\u00bb add_caption=\u00bbyes\u00bb onclick=\u00bblink_image\u00bb][\/vc_column_inner][vc_column_inner width=\u00bb1\/6&#8243;][vc_single_image image=\u00bb5927&#8243; img_size=\u00bblarge\u00bb add_caption=\u00bbyes\u00bb onclick=\u00bblink_image\u00bb][\/vc_column_inner][vc_column_inner width=\u00bb1\/6&#8243;][vc_single_image image=\u00bb5929&#8243; img_size=\u00bblarge\u00bb add_caption=\u00bbyes\u00bb onclick=\u00bblink_image\u00bb][\/vc_column_inner][\/vc_row_inner][vc_row_inner][vc_column_inner width=\u00bb1\/4&#8243;][vc_single_image image=\u00bb5930&#8243; img_size=\u00bblarge\u00bb add_caption=\u00bbyes\u00bb onclick=\u00bblink_image\u00bb][\/vc_column_inner][vc_column_inner width=\u00bb1\/4&#8243;][vc_single_image image=\u00bb5926&#8243; img_size=\u00bblarge\u00bb add_caption=\u00bbyes\u00bb onclick=\u00bblink_image\u00bb][\/vc_column_inner][vc_column_inner width=\u00bb1\/4&#8243;][vc_single_image image=\u00bb5925&#8243; img_size=\u00bblarge\u00bb add_caption=\u00bbyes\u00bb onclick=\u00bblink_image\u00bb][\/vc_column_inner][vc_column_inner width=\u00bb1\/4&#8243;][vc_single_image image=\u00bb5941&#8243; img_size=\u00bblarge\u00bb add_caption=\u00bbyes\u00bb onclick=\u00bblink_image\u00bb][\/vc_column_inner][\/vc_row_inner][\/vc_column][\/vc_row]<\/p>\n","protected":false},"excerpt":{"rendered":"<p>[vc_row top_padding=\u00bb40&#8243; bottom_padding=\u00bb40&#8243;][vc_column width=\u00bb2\/3&#8243;][vc_column_text] El Museo de Oficios y Costumbres de Bocairent (MOCB), espacio de etnolog\u00eda del Museo Parroquial, se encuentra ubicado en la Abad\u00eda. El edificio ha sido rehabilitado recientemente y acoge en su interior una interesante colecci\u00f3n etnol\u00f3gica, estructurada en cuatro apartados fundamentales: La industria textil Principal actividad econ\u00f3mica de la historia de Bocairent. Incluye telares manuales, maquinaria del proceso de producci\u00f3n de la manta, documentaci\u00f3n, fotos del proceso de fabricaci\u00f3n de las mantas\u2026 El campo y la monta\u00f1a Espacio dedicado a los oficios y costumbres de la agricultura, las mas\u00edas, y las actividades econ\u00f3micas que se desarrollaban en la Sierra de Mariola: los le\u00f1adores, la miel, la matanza del cerdo, el mundo de los cereales, el vino y el aceite\u2026 Usos y costumbres locales de Bocairent Ocio, fiestas populares en barrios y ermitas, tradiciones, la imprenta, la fotograf\u00eda\u2026 En este apartado podr\u00e1 encontrar uno de los siete \u00abcabolos\u00bb (el Mestre) de las fiestas de San Agust\u00edn, as\u00ed como los trajes tradicionales de Bocairent (uno de mujer y uno de hombre). La escuela y el Patronato Apartado dedicado a la educaci\u00f3n en Bocairent, fotos antiguas, juguetes y juegos populares, una r\u00e9plica de una escuela y referencias al Patronato [&hellip;]<\/p>\n","protected":false},"author":1,"featured_media":5983,"parent":0,"menu_order":0,"comment_status":"closed","ping_status":"closed","template":"","meta":[],"_links":{"self":[{"href":"https:\/\/www.visitbocairent.es\/es\/wp-json\/wp\/v2\/pages\/6477"}],"collection":[{"href":"https:\/\/www.visitbocairent.es\/es\/wp-json\/wp\/v2\/pages"}],"about":[{"href":"https:\/\/www.visitbocairent.es\/es\/wp-json\/wp\/v2\/types\/page"}],"author":[{"embeddable":true,"href":"https:\/\/www.visitbocairent.es\/es\/wp-json\/wp\/v2\/users\/1"}],"replies":[{"embeddable":true,"href":"https:\/\/www.visitbocairent.es\/es\/wp-json\/wp\/v2\/comments?post=6477"}],"version-history":[{"count":5,"href":"https:\/\/www.visitbocairent.es\/es\/wp-json\/wp\/v2\/pages\/6477\/revisions"}],"predecessor-version":[{"id":14363,"href":"https:\/\/www.visitbocairent.es\/es\/wp-json\/wp\/v2\/pages\/6477\/revisions\/14363"}],"wp:featuredmedia":[{"embeddable":true,"href":"https:\/\/www.visitbocairent.es\/es\/wp-json\/wp\/v2\/media\/5983"}],"wp:attachment":[{"href":"https:\/\/www.visitbocairent.es\/es\/wp-json\/wp\/v2\/media?parent=6477"}],"curies":[{"name":"wp","href":"https:\/\/api.w.org\/{rel}","templated":true}]}}