{"id":6301,"date":"2022-10-07T17:25:48","date_gmt":"2022-10-07T15:25:48","guid":{"rendered":"https:\/\/www.visitbocairent.es\/inicio-2\/"},"modified":"2023-06-09T10:23:21","modified_gmt":"2023-06-09T08:23:21","slug":"inicio-2","status":"publish","type":"page","link":"https:\/\/www.visitbocairent.es\/es\/","title":{"rendered":"Inicio"},"content":{"rendered":"<p>[vc_row type=\u00bbfull_width_section\u00bb][vc_column width=\u00bb1\/1&#8243;][rev_slider_vc alias=\u00bbslider-1&#8243;][\/vc_column][\/vc_row][vc_row bg_color=\u00bb#232323&#8243; text_color=\u00bblight\u00bb top_padding=\u00bb60&#8243; bottom_padding=\u00bb0&#8243; bg_position=\u00bbleft top\u00bb][vc_column width=\u00bb1\/3&#8243;]<div class=\"iconbox  wpb_content_element iconbox-style-2 icon-color-accent color-dark clearfix\"><div class=\"iconbox-icon\"><i class=\"fa fa-ticket boxicon\" style=\"\"><\/i><\/div><div class=\"iconbox-content\"><h3>Entradas<\/h3><p>Vis\u00edtanos con la tranquilidad de comprar por anticipado tus entradas.<\/p>\n<a href=\"\/es\/entradas\/\" target=\"_self\" class=\"button color-9 medium \" style=\"border-radius: 2px;\"><i class='fa fa-caret-right'><\/i>Entradas<\/a><\/p><\/div><\/div>[\/vc_column][vc_column width=\u00bb1\/3&#8243;]<div class=\"iconbox  wpb_content_element iconbox-style-2 icon-color-accent color-dark clearfix\"><div class=\"iconbox-icon\"><i class=\"fa fa-clock boxicon\" style=\"\"><\/i><\/div><div class=\"iconbox-content\"><h3>Horarios<\/h3><p>Consulta todos los horarios de visita de los monumentos<\/p>\n<a href=\"\/es\/organiza-tu-visita\/\" target=\"_self\" class=\"button color-9 small \" style=\"border-radius: 2px;\"><i class='fa fa-caret-right'><\/i>Horarios<\/a><\/p><\/div><\/div>[\/vc_column][vc_column width=\u00bb1\/3&#8243;]<div class=\"iconbox  wpb_content_element iconbox-style-2 icon-color-accent color-dark clearfix\"><div class=\"iconbox-icon\"><i class=\"fa fa-users boxicon\" style=\"\"><\/i><\/div><div class=\"iconbox-content\"><h3>Grupos<\/h3><p>Contacta con nosotros para visitas organizadas de grupos.<\/p>\n<a href=\"\/es\/organiza-tu-visita\/\" target=\"_self\" class=\"button color-9 small \" style=\"border-radius: 2px;\"><i class='fa fa-caret-right'><\/i>Contacta<\/a><\/p><\/div><\/div>[vc_icon icon_fontawesome=\u00bbfas fa-angle-down\u00bb color=\u00bbcustom\u00bb size=\u00bbxs\u00bb custom_color=\u00bb#232323&#8243;][\/vc_column][\/vc_row][vc_row type=\u00bbfull_width_section\u00bb][vc_column animation=\u00bbfade-in-from-bottom\u00bb width=\u00bb1\/1&#8243;]<h3 class=\"headline font-special fontsize-xxl fontweight-500 lh-inherit align-center transform-inherit \" style=\"margin: 40px 0 20px 0;\">Adquiere tus entradas<\/h3>[\/vc_column][vc_column width=\u00bb1\/4&#8243;]<div class=\"imagebox wpb_content_element style-1\"><div class=\"imagebox-img\"><a href='\/es\/series\/visita-a-lesglesia-i-campanar\/'><img src=\"https:\/\/www.visitbocairent.es\/wp-content\/uploads\/2022\/09\/Esglesia-Assumpcio.png\" alt=\"\" \/><\/a><\/div>\n<h4><strong>Visita a la Iglesia y Campanario<\/strong><\/h4>\n<a href=\"\/es\/series\/visita-a-lesglesia-i-campanar\/\" target=\"_self\" class=\"button color-1 medium \" style=\"border-radius: 2px;\"><i class='fa fa-ticket'><\/i>Adquirir entradas<\/a><\/div>[\/vc_column][vc_column width=\u00bb1\/4&#8243;]<div class=\"imagebox wpb_content_element style-1\"><div class=\"imagebox-img\"><a href='\/es\/series\/visita-esglesia-campanar-i-museu-parroquial\/'><img src=\"https:\/\/www.visitbocairent.es\/wp-content\/uploads\/2022\/10\/Museu-Parroquial.jpg\" alt=\"\" \/><\/a><\/div>\n<h4><strong>Iglesia, Campanario y Museo Parroquial<\/strong><\/h4>\n<a href=\"\/es\/series\/visita-esglesia-campanar-i-museu-parroquial\/\" target=\"_self\" class=\"button color-1 medium \" style=\"border-radius: 2px;\"><i class='fa fa-ticket'><\/i>Adquirir entradas<\/a><\/div>[\/vc_column][vc_column width=\u00bb1\/4&#8243;]<div class=\"imagebox wpb_content_element style-1\"><div class=\"imagebox-img\"><a href='\/es\/series\/visita-monasterio-rupestre\/'><img src=\"https:\/\/www.visitbocairent.es\/wp-content\/uploads\/2022\/09\/Monestir-Rupestre.jpg\" alt=\"@blai\" \/><\/a><\/div>\n<h4><strong>Visita al Monasterio Rupestre<\/strong><\/h4>\n<a href=\"\/es\/series\/visita-monasterio-rupestre\/\" target=\"_self\" class=\"button color-1 medium \" style=\"border-radius: 2px;\"><i class='fa fa-ticket'><\/i>Adquirir entradas<\/a><\/div>[\/vc_column][vc_column width=\u00bb1\/4&#8243;]<div class=\"imagebox wpb_content_element style-1\"><div class=\"imagebox-img\"><a href='\/es\/series\/visita-al-museu-doficis-i-costums-de-bocairent\/'><img src=\"https:\/\/www.visitbocairent.es\/wp-content\/uploads\/2022\/10\/Museu-Oficis-1.jpg\" alt=\"\" \/><\/a><\/div>\n<h4><strong>Visita al Museo de Oficios y Costumbres<\/strong><\/h4>\n<a href=\"\/es\/series\/visita-al-museu-doficis-i-costums-de-bocairent\/\" target=\"_self\" class=\"button color-1 medium \" style=\"border-radius: 2px;\"><i class='fa fa-ticket'><\/i>Adquirir entradas<\/a><\/div>[\/vc_column][\/vc_row][vc_row bg_color=\u00bb#f2f2f2&#8243;][vc_column width=\u00bb2\/3&#8243;]<h3 class=\"headline font-special fontsize-xxl fontweight-500 lh-inherit align-center transform-inherit \" style=\"margin: 40px 0 20px 0;\">Historia, tradiciones, espiritualidad&#8230;<\/h3><div class=\"video-embed  wpb_content_element\"><iframe title=\"La Catedral de la Mariola\" width=\"1161\" height=\"653\" src=\"https:\/\/www.youtube.com\/embed\/575i04LzEuI?feature=oembed\" frameborder=\"0\" allow=\"accelerometer; autoplay; clipboard-write; encrypted-media; gyroscope; picture-in-picture; web-share\" referrerpolicy=\"strict-origin-when-cross-origin\" allowfullscreen><\/iframe><\/div>[\/vc_column][vc_column animation=\u00bbfade-in-from-right\u00bb width=\u00bb1\/3&#8243;]<div class=\"spacer\" style=\"height: 40px;\"><\/div><div onclick=\"location.href='\/es\/iglesia-parroquial\/';\" style=\"cursor:pointer;\"><div class=\"iconbox  wpb_content_element iconbox-style-5 icon-color-accent color-dark clearfix\"><div class=\"iconbox-icon\"><i class=\"fa fa-church boxicon\" style=\"\"><\/i><\/div><div class=\"iconbox-content\"><h3>Iglesia Ntra. Sra. de la Asunci\u00f3n<\/h3><p>Iglesia, Campanario y Capilla del Roser<\/p><\/div><\/div><\/div><div onclick=\"location.href='\/es\/museo-parroquial\/';\" style=\"cursor:pointer;\"><div class=\"iconbox  wpb_content_element iconbox-style-5 icon-color-accent color-dark clearfix\"><div class=\"iconbox-icon\"><i class=\"fa fa-landmark boxicon\" style=\"\"><\/i><\/div><div class=\"iconbox-content\"><h3>Museo Parroquial<\/h3><p>G\u00f3tico, barroco, neocl\u00e1sico<\/p><\/div><\/div><\/div><div onclick=\"location.href='\/es\/monasterio-rupestre\/';\" style=\"cursor:pointer;\"><div class=\"iconbox  wpb_content_element iconbox-style-5 icon-color-accent color-dark clearfix\"><div class=\"iconbox-icon\"><i class=\"fa fa-church boxicon\" style=\"\"><\/i><\/div><div class=\"iconbox-content\"><h3>Monasterio rupestre<\/h3><p>Arte rupestre, 1556<\/p><\/div><\/div><\/div><div onclick=\"location.href='\/es\/museo-de-oficios-y-costumbres\/';\" style=\"cursor:pointer;\"><div class=\"iconbox  wpb_content_element iconbox-style-5 icon-color-accent color-dark clearfix\"><div class=\"iconbox-icon\"><i class=\"fa fa-landmark boxicon\" style=\"\"><\/i><\/div><div class=\"iconbox-content\"><h3>Museo de Oficios y Costumbres<\/h3><p>La industria textil, la escuela, el campo, costumbres y tradiciones<\/p><\/div><\/div><\/div><div onclick=\"location.href='\/es\/ermita-del-santo-cristo\/';\" style=\"cursor:pointer;\"><div class=\"iconbox  wpb_content_element iconbox-style-5 icon-color-accent color-dark clearfix\"><div class=\"iconbox-icon\"><i class=\"fa fa-church boxicon\" style=\"\"><\/i><\/div><div class=\"iconbox-content\"><h3>Ermita del Santo Cristo<\/h3><p>G\u00f3tico, 1536<\/p><\/div><\/div><\/div>[vc_icon icon_fontawesome=\u00bbfas fa-angle-down\u00bb color=\u00bbcustom\u00bb size=\u00bbxs\u00bb custom_color=\u00bb#f2f2f2&#8243;][\/vc_column][\/vc_row][vc_row bg_image=\u00bb5598&#8243; top_padding=\u00bb20&#8243; bottom_padding=\u00bb550&#8243;][vc_column width=\u00bb1\/2&#8243;][\/vc_column][vc_column animation=\u00bbfade-in-from-right\u00bb width=\u00bb1\/2&#8243; delay=\u00bb300&#8243;]<h2 class=\"headline font-special fontsize-xxxxxl fontweight-700 lh-inherit align-left transform-inherit \" style=\"margin: 0 0 0px 0;\">Bocairent<\/h2>[vc_column_text]<\/p>\n<h4>Bocairent cuenta con un amplio legado hist\u00f3rico y natural que lo convierten en un destino tur\u00edstico de interior de calidad. Su casco antiguo, declarado conjunto hist\u00f3rico-art\u00edstico nacional, es un c\u00famulo de casas encaramado sobre una colina con calles sinuosas, que invita a descubrir sus mejores rincones.<\/h4>\n<p>[\/vc_column_text][\/vc_column][\/vc_row][vc_row type=\u00bbfull_width_section\u00bb bg_color=\u00bb#878787&#8243; text_color=\u00bblight\u00bb text_align=\u00bbcenter\u00bb top_padding=\u00bb30&#8243; bottom_padding=\u00bb30&#8243; mobile_landscape_visibility=\u00bbhide\u00bb mobile_portrait_visibility=\u00bbhide\u00bb][vc_column width=\u00bb1\/1&#8243;][vc_column_text]<\/p>\n<h2 style=\"text-align: center;\"><a href=\"https:\/\/www.visitbocairent.es\/es\/empresas-colaboradoras\/\">Empresas colaboradoras<\/a><\/h2>\n<p>[\/vc_column_text][vc_images_carousel images=\u00bb8487,8483,8479,8471,8467,8463,8459,8455,8451,8447,8443,8439,8435,8431,8427,8423,8419,8415,8411,8407,8403,8399,8395,8391,8387,8383,8379,8375,8371&#8243; img_size=\u00bbfull\u00bb speed=\u00bb3000&#8243; slides_per_view=\u00bb6&#8243; autoplay=\u00bbyes\u00bb hide_pagination_control=\u00bbyes\u00bb wrap=\u00bbyes\u00bb][\/vc_column][\/vc_row][vc_row type=\u00bbfull_width_section\u00bb bg_color=\u00bb#878787&#8243; text_color=\u00bblight\u00bb text_align=\u00bbcenter\u00bb top_padding=\u00bb30&#8243; bottom_padding=\u00bb30&#8243; desktop_visibility=\u00bbhide\u00bb tablet_landscape_visibility=\u00bbhide\u00bb tablet_portrait_visibility=\u00bbhide\u00bb][vc_column width=\u00bb1\/1&#8243;][vc_column_text]<\/p>\n<h2 style=\"text-align: center;\"><a href=\"https:\/\/www.visitbocairent.es\/es\/empresas-colaboradoras\/\">Empresas colaboradoras<\/a><\/h2>\n<p>[\/vc_column_text][vc_images_carousel images=\u00bb8487,8483,8479,8471,8467,8463,8459,8455,8451,8447,8443,8439,8435,8431,8427,8423,8419,8415,8411,8407,8403,8399,8395,8391,8387,8383,8379,8375,8371&#8243; img_size=\u00bbfull\u00bb speed=\u00bb3000&#8243; slides_per_view=\u00bb2&#8243; autoplay=\u00bbyes\u00bb hide_pagination_control=\u00bbyes\u00bb wrap=\u00bbyes\u00bb][\/vc_column][\/vc_row]<\/p>\n","protected":false},"excerpt":{"rendered":"<p>[vc_row type=\u00bbfull_width_section\u00bb][vc_column width=\u00bb1\/1&#8243;][rev_slider_vc alias=\u00bbslider-1&#8243;][\/vc_column][\/vc_row][vc_row bg_color=\u00bb#232323&#8243; text_color=\u00bblight\u00bb top_padding=\u00bb60&#8243; bottom_padding=\u00bb0&#8243; bg_position=\u00bbleft top\u00bb][vc_column width=\u00bb1\/3&#8243;][\/vc_column][vc_column width=\u00bb1\/3&#8243;][\/vc_column][vc_column width=\u00bb1\/3&#8243;][vc_icon icon_fontawesome=\u00bbfas fa-angle-down\u00bb color=\u00bbcustom\u00bb size=\u00bbxs\u00bb custom_color=\u00bb#232323&#8243;][\/vc_column][\/vc_row][vc_row type=\u00bbfull_width_section\u00bb][vc_column animation=\u00bbfade-in-from-bottom\u00bb width=\u00bb1\/1&#8243;][\/vc_column][vc_column width=\u00bb1\/4&#8243;][\/vc_column][vc_column width=\u00bb1\/4&#8243;][\/vc_column][vc_column width=\u00bb1\/4&#8243;][\/vc_column][vc_column width=\u00bb1\/4&#8243;][\/vc_column][\/vc_row][vc_row bg_color=\u00bb#f2f2f2&#8243;][vc_column width=\u00bb2\/3&#8243;][\/vc_column][vc_column animation=\u00bbfade-in-from-right\u00bb width=\u00bb1\/3&#8243;][vc_icon icon_fontawesome=\u00bbfas fa-angle-down\u00bb color=\u00bbcustom\u00bb size=\u00bbxs\u00bb custom_color=\u00bb#f2f2f2&#8243;][\/vc_column][\/vc_row][vc_row bg_image=\u00bb5598&#8243; top_padding=\u00bb20&#8243; bottom_padding=\u00bb550&#8243;][vc_column width=\u00bb1\/2&#8243;][\/vc_column][vc_column animation=\u00bbfade-in-from-right\u00bb width=\u00bb1\/2&#8243; delay=\u00bb300&#8243;][vc_column_text] Bocairent cuenta con un amplio legado hist\u00f3rico y natural que lo convierten en un destino tur\u00edstico de interior de calidad. Su casco antiguo, declarado conjunto hist\u00f3rico-art\u00edstico nacional, es un c\u00famulo de casas encaramado sobre una colina con calles sinuosas, que invita a descubrir sus mejores rincones. [\/vc_column_text][\/vc_column][\/vc_row][vc_row type=\u00bbfull_width_section\u00bb bg_color=\u00bb#878787&#8243; text_color=\u00bblight\u00bb text_align=\u00bbcenter\u00bb top_padding=\u00bb30&#8243; bottom_padding=\u00bb30&#8243; mobile_landscape_visibility=\u00bbhide\u00bb mobile_portrait_visibility=\u00bbhide\u00bb][vc_column width=\u00bb1\/1&#8243;][vc_column_text] Empresas colaboradoras [\/vc_column_text][vc_images_carousel images=\u00bb8487,8483,8479,8471,8467,8463,8459,8455,8451,8447,8443,8439,8435,8431,8427,8423,8419,8415,8411,8407,8403,8399,8395,8391,8387,8383,8379,8375,8371&#8243; img_size=\u00bbfull\u00bb speed=\u00bb3000&#8243; slides_per_view=\u00bb6&#8243; autoplay=\u00bbyes\u00bb hide_pagination_control=\u00bbyes\u00bb wrap=\u00bbyes\u00bb][\/vc_column][\/vc_row][vc_row type=\u00bbfull_width_section\u00bb bg_color=\u00bb#878787&#8243; text_color=\u00bblight\u00bb text_align=\u00bbcenter\u00bb top_padding=\u00bb30&#8243; bottom_padding=\u00bb30&#8243; desktop_visibility=\u00bbhide\u00bb tablet_landscape_visibility=\u00bbhide\u00bb tablet_portrait_visibility=\u00bbhide\u00bb][vc_column width=\u00bb1\/1&#8243;][vc_column_text] Empresas colaboradoras [\/vc_column_text][vc_images_carousel images=\u00bb8487,8483,8479,8471,8467,8463,8459,8455,8451,8447,8443,8439,8435,8431,8427,8423,8419,8415,8411,8407,8403,8399,8395,8391,8387,8383,8379,8375,8371&#8243; img_size=\u00bbfull\u00bb speed=\u00bb3000&#8243; slides_per_view=\u00bb2&#8243; autoplay=\u00bbyes\u00bb hide_pagination_control=\u00bbyes\u00bb wrap=\u00bbyes\u00bb][\/vc_column][\/vc_row]<\/p>\n","protected":false},"author":1,"featured_media":0,"parent":0,"menu_order":0,"comment_status":"closed","ping_status":"closed","template":"","meta":[],"_links":{"self":[{"href":"https:\/\/www.visitbocairent.es\/es\/wp-json\/wp\/v2\/pages\/6301"}],"collection":[{"href":"https:\/\/www.visitbocairent.es\/es\/wp-json\/wp\/v2\/pages"}],"about":[{"href":"https:\/\/www.visitbocairent.es\/es\/wp-json\/wp\/v2\/types\/page"}],"author":[{"embeddable":true,"href":"https:\/\/www.visitbocairent.es\/es\/wp-json\/wp\/v2\/users\/1"}],"replies":[{"embeddable":true,"href":"https:\/\/www.visitbocairent.es\/es\/wp-json\/wp\/v2\/comments?post=6301"}],"version-history":[{"count":18,"href":"https:\/\/www.visitbocairent.es\/es\/wp-json\/wp\/v2\/pages\/6301\/revisions"}],"predecessor-version":[{"id":8695,"href":"https:\/\/www.visitbocairent.es\/es\/wp-json\/wp\/v2\/pages\/6301\/revisions\/8695"}],"wp:attachment":[{"href":"https:\/\/www.visitbocairent.es\/es\/wp-json\/wp\/v2\/media?parent=6301"}],"curies":[{"name":"wp","href":"https:\/\/api.w.org\/{rel}","templated":true}]}}