{"id":8600,"date":"2019-01-07T08:49:55","date_gmt":"2019-01-07T07:49:55","guid":{"rendered":"https:\/\/www.visitbocairent.es\/?page_id=8600"},"modified":"2023-05-24T18:53:46","modified_gmt":"2023-05-24T16:53:46","slug":"privacy-policy","status":"publish","type":"page","link":"https:\/\/www.visitbocairent.es\/en\/privacy-policy\/","title":{"rendered":"Privacy policy"},"content":{"rendered":"<h2><strong>POL\u00cdTICA DE PRIVACITAT DE VISITBOCAIRENT.ES<\/strong><\/h2>\n<p style=\"text-align: right;\">(actualitzat a 28.12.2022)<\/p>\n<ol>\n<li>\n<h3><strong> INFORMACI\u00d3 A L&#8217;USUARI<\/strong><\/h3>\n<\/li>\n<\/ol>\n<p><strong>Parr\u00f2quia de Bocairent<\/strong>\u00a0\u00e9s responsable del tractament de les dades de l&#8217;interessat i us informem que seran tractades de conformitat amb el que disposa el Reglament (UE) 2016\/679 de 27 d&#8217;abril de 2016 (RGPD) relatiu a la protecci\u00f3 de les persones f\u00edsiques i a la Llei Org\u00e0nica 3\/2018, de 5 de desembre (LOPDGDD), pel que fa al tractament de dades personals i a la lliure circulaci\u00f3 d&#8217;aquestes dades, per la qual cosa se us facilita la informaci\u00f3 seg\u00fcent del tractament:<\/p>\n<p><strong>Amb quina finalitat tractem les vostres dades personals?<\/strong><\/p>\n<p>Tractarem les dades de les persones interessades per a la gesti\u00f3 i desenvolupament de les comunicacions.\u00a0Que en aquest sentit seran les seg\u00fcents:<\/p>\n<ul>\n<li>Registre d&#8217;usuaris a la web per a la gesti\u00f3 de la venda d&#8217;entrades.<\/li>\n<\/ul>\n<p><strong>Quin tipus de dades tractem?<\/strong><\/p>\n<ul>\n<li>Dades identificatives: nom i cognoms.<\/li>\n<li>Dades de contacte: correu electr\u00f2nic i adre\u00e7a postal.<\/li>\n<li>Data de naixement.<\/li>\n<\/ul>\n<p><strong>Per quant de temps conservarem les vostres dades?<\/strong><\/p>\n<p>Les dades personals es conservaran mentre es mantinga relaci\u00f3 amb vost\u00e8 sempre que no se&#8217;n sol\u00b7licite la supressi\u00f3;\u00a0o mentre hi haja alguna previsi\u00f3 o exig\u00e8ncia legal de conservaci\u00f3 d&#8217;aquestes.<\/p>\n<p>Quan les dades deixen de ser necess\u00e0ries per a les finalitats per les quals van ser recollides seran suprimides assegurant-ne la confidencialitat.<\/p>\n<p><strong>Quina \u00e9s la legitimaci\u00f3 per al tractament de les vostres dades?<\/strong><\/p>\n<p>La base jur\u00eddica per al tractament de les vostres dades personals ser\u00e0 el consentiment informat que se us sol\u00b7licitar\u00e0 mitjan\u00e7ant l&#8217;acceptaci\u00f3 de la pol\u00edtica de privadesa.<\/p>\n<p><strong>A quins destinataris es comunicaran les vostres dades?<\/strong><\/p>\n<p>Les dades dels interessats no seran comunicades a cap tercer, excepte si hi ha obligaci\u00f3 legal sobre aix\u00f2.<\/p>\n<p><strong>Quins s\u00f3n els vostres drets quan ens facilita i\/o tractem les vostres dades?<\/strong><\/p>\n<p>Com a interessat, vost\u00e8 podr\u00e0 en qualsevol moment sol\u00b7licitar-nos l&#8217;exercici de qualsevol dels drets seg\u00fcents que li assisteixen en mat\u00e8ria de protecci\u00f3 de dades:<\/p>\n<ul>\n<li><strong>Accedir a les vostres dades<\/strong>\u00a0: Teniu dret a accedir a les vostres dades per con\u00e8ixer quines dades personals estem tractant que us concerneixen.<\/li>\n<li><strong>Sol\u00b7licitar la rectificaci\u00f3 o supressi\u00f3 de les vostres dades<\/strong>\u00a0: En determinades circumst\u00e0ncies, teniu dret a rectificar aquelles dades personals que considereu inexactes i que us concerneixen, i que siguen objecte de tractament per part de les ENTITATS, aix\u00ed com dret a sol\u00b7licitar la supressi\u00f3 de les vostres dades quan, entre altres motius, les dades ja no foren necess\u00e0ries per a la finalitat que van ser recollides.<\/li>\n<li><strong>Sol\u00b7licitar la limitaci\u00f3 del tractament de les vostres dades<\/strong>: En determinades circumst\u00e0ncies, tindreu dret a sol\u00b7licitar-nos la limitaci\u00f3 del tractament de les vostres dades, cas en qu\u00e8 us informem que \u00fanicament conservarem les dades sobre les quals heu sol\u00b7licitat limitaci\u00f3 en el tractament per a l&#8217;exercici o defensa de reclamacions.<\/li>\n<li><strong>A la portabilitat de les vostres dades<\/strong>: En determinades circumst\u00e0ncies, tindreu dret a rebre les dades personals que us incumbeixen, i que ens hajau facilitat, en un format estructurat d&#8217;\u00fas com\u00fa i lectura mec\u00e0nica, aix\u00ed com que siguen transmesos per part de la nostra empresa a un altre responsable del tractament.<\/li>\n<li><strong>Oposar-se al tractament de les vostres dades<\/strong>: En determinades circumst\u00e0ncies i per motius relacionats amb la vostra situaci\u00f3 particular, tindreu dret a oposar-vos al tractament de les vostres dades. En aquest cas, deixar\u00edem de tractar-les llevat que hajam de continuar fent-ho per motius leg\u00edtims imperiosos o per a l&#8217;exercici o la defensa de possibles reclamacions.<\/li>\n<li>Dret a presentar una reclamaci\u00f3 davant l&#8217;Autoritat de control si no heu obtingut satisfacci\u00f3 en l&#8217;exercici dels vostres drets, en aquest cas, davant l&#8217;Ag\u00e8ncia Espanyola de protecci\u00f3 de dades\u00a0\u00a0<a href=\"https:\/\/translate.google.com\/website?sl=es&amp;tl=ca&amp;hl=es&amp;client=webapp&amp;u=http:\/\/www.aepd.es\/\">http:\/\/www.aepd.es<\/a><\/li>\n<\/ul>\n<p>Us informem que podreu exercitar els vostres drets sobre les vostres dades personals a trav\u00e9s de qualsevol de les seg\u00fcents vies:<\/p>\n<p><strong>Parr\u00f2quia de Bocairent\u00a0:<\/strong>\u00a0Adre\u00e7a postal: C\/Abadia, 38 \u2013 46880 Bocairent (Val\u00e8ncia); Correu electr\u00f2nic:\u00a0<a href=\"mailto:info@visitbocairent.es\">info@visitbocairent.es<\/a><\/p>\n<p>&nbsp;<\/p>\n<ol start=\"2\">\n<li>\n<h3><strong> CAR\u00c0CTER OBLIGATORI O FACULTATIU DE LA INFORMACI\u00d3 FACILITADA PER L&#8217;USUARI<\/strong><\/h3>\n<\/li>\n<\/ol>\n<p>Els Usuaris, mitjan\u00e7ant la marcaci\u00f3 de les caselles corresponents i entrada de dades als camps presentats al formulari accepten expressament i de forma lliure i inequ\u00edvoca, que les seues dades s\u00f3n necess\u00e0ries per atendre la seua petici\u00f3, per part del prestador, sent volunt\u00e0ria la inclusi\u00f3 de dades als camps restants.<\/p>\n<p>L&#8217;usuari garanteix que les dades que aporta s\u00f3n vertaderes, exactes, completes i es troben actualitzades, essent responsable de qualsevol dany o perjudici, directe o indirecte, que es puga ocasionar com a conseq\u00fc\u00e8ncia de l&#8217;incompliment d&#8217;aquesta obligaci\u00f3.<\/p>\n<p>En cas que l&#8217;usuari aporte dades pertanyents a un tercer, garanteix que ha informat aquest tercer de la totalitat d&#8217;aspectes continguts en aquesta Pol\u00edtica de Privadesa i obtingut el seu consentiment per facilitar-nos les seues dades per a la finalitat de tractament de qu\u00e8 es tracte.\u00a0Tot aix\u00f2, amb car\u00e0cter previ al subministrament de dades d\u2019un tercer.<\/p>\n<p>En cas que no siguen facilitades totes les dades, no es garanteix que la informaci\u00f3 i els serveis facilitats siguen completament ajustats a les seues necessitats.<\/p>\n<p>&nbsp;<\/p>\n","protected":false},"excerpt":{"rendered":"<p>POL\u00cdTICA DE PRIVACITAT DE VISITBOCAIRENT.ES (actualitzat a 28.12.2022) INFORMACI\u00d3 A L&#8217;USUARI Parr\u00f2quia de Bocairent\u00a0\u00e9s responsable del tractament de les dades de l&#8217;interessat i us informem que seran tractades de conformitat amb el que disposa el Reglament (UE) 2016\/679 de 27 d&#8217;abril de 2016 (RGPD) relatiu a la protecci\u00f3 de les persones f\u00edsiques i a la Llei Org\u00e0nica 3\/2018, de 5 de desembre (LOPDGDD), pel que fa al tractament de dades personals i a la lliure circulaci\u00f3 d&#8217;aquestes dades, per la qual cosa se us facilita la informaci\u00f3 seg\u00fcent del tractament: Amb quina finalitat tractem les vostres dades personals? Tractarem les dades de les persones interessades per a la gesti\u00f3 i desenvolupament de les comunicacions.\u00a0Que en aquest sentit seran les seg\u00fcents: Registre d&#8217;usuaris a la web per a la gesti\u00f3 de la venda d&#8217;entrades. Quin tipus de dades tractem? Dades identificatives: nom i cognoms. Dades de contacte: correu electr\u00f2nic i adre\u00e7a postal. Data de naixement. Per quant de temps conservarem les vostres dades? Les dades personals es conservaran mentre es mantinga relaci\u00f3 amb vost\u00e8 sempre que no se&#8217;n sol\u00b7licite la supressi\u00f3;\u00a0o mentre hi haja alguna previsi\u00f3 o exig\u00e8ncia legal de conservaci\u00f3 d&#8217;aquestes. Quan les dades deixen de ser necess\u00e0ries per a [&hellip;]<\/p>\n","protected":false},"author":1,"featured_media":0,"parent":0,"menu_order":0,"comment_status":"closed","ping_status":"closed","template":"","meta":[],"_links":{"self":[{"href":"https:\/\/www.visitbocairent.es\/en\/wp-json\/wp\/v2\/pages\/8600"}],"collection":[{"href":"https:\/\/www.visitbocairent.es\/en\/wp-json\/wp\/v2\/pages"}],"about":[{"href":"https:\/\/www.visitbocairent.es\/en\/wp-json\/wp\/v2\/types\/page"}],"author":[{"embeddable":true,"href":"https:\/\/www.visitbocairent.es\/en\/wp-json\/wp\/v2\/users\/1"}],"replies":[{"embeddable":true,"href":"https:\/\/www.visitbocairent.es\/en\/wp-json\/wp\/v2\/comments?post=8600"}],"version-history":[{"count":2,"href":"https:\/\/www.visitbocairent.es\/en\/wp-json\/wp\/v2\/pages\/8600\/revisions"}],"predecessor-version":[{"id":8602,"href":"https:\/\/www.visitbocairent.es\/en\/wp-json\/wp\/v2\/pages\/8600\/revisions\/8602"}],"wp:attachment":[{"href":"https:\/\/www.visitbocairent.es\/en\/wp-json\/wp\/v2\/media?parent=8600"}],"curies":[{"name":"wp","href":"https:\/\/api.w.org\/{rel}","templated":true}]}}