{"id":8535,"date":"2022-11-25T13:53:06","date_gmt":"2022-11-25T12:53:06","guid":{"rendered":"https:\/\/www.visitbocairent.es\/?page_id=8535"},"modified":"2023-05-24T13:33:35","modified_gmt":"2023-05-24T11:33:35","slug":"parish-museum","status":"publish","type":"page","link":"https:\/\/www.visitbocairent.es\/en\/parish-museum\/","title":{"rendered":"Parish Museum"},"content":{"rendered":"<p>[vc_row top_padding=&#8221;40&#8243; bottom_padding=&#8221;40&#8243;][vc_column width=&#8221;2\/3&#8243;][vc_column_text]<\/p>\n<h5>The Parish Museum contains one of the best collections of religious art in the Valencian region (its permanent collection has received official acknowledgement from the regional authorities). It includes artworks by Juan de Juanes, Joaqu\u00edn Sorolla, the Maestro of Borbot\u00f3, Ribalta, Segrelles, Mariano Benlliure, Crist\u00f3bal Lloren\u00e7, Gaspar Requena, Blas Silvestre\u2026 The museum also provides an outstanding occasion for art lovers to enjoy the important collection of precious metalwork, textiles, pottery and other noteworthy objects. It has recently been refurbished thanks to the support of the Valencian Light of Images Foundation.<\/h5>\n<h3>PRECIOUS METALWORK ROOM<\/h3>\n<p>Decorating the ceiling are works by the local Bocairent painter Blas Silvestre. One of the most outstanding pieces on display is the banner of Saint Blaise painted by Joaqu\u00edn Sorolla in 1902. You can also observe the 15th century work Our Lady of Good Health attributed to the Maestro Cabanes and Nicol\u00e1s Falc\u00f3. Amongst the noteworthy objects on display are the 18th century plateresque style Lignum Crucis, the rain cape and the chalice of Saint Juan de Ribera attributed to the Florentine sculptor Benvenuto Cellini, the 15th century gothic cassock, and the Book of Privileges from the Royal Cloth Factory, which was endowed to Bocairent by Phillip II in 1587..<\/p>\n<h3>PAINTING AND SCULPTURE ROOMS<\/h3>\n<p>You will find a marvellous collection of paintings, sculptures and pottery stretching from the 14th century up to the 20th century filling a total of seven differently distributed rooms. Outstanding artworks include the standard of Saint Louis Gonzaga by Segrelles, the altarpiece of Santiago painted by Gaspar Requena, a pupil of Juan de Juanes, the Last Supper by the\u00a0Maestro de Borbot\u00f3, Our Lady of Pilar by Antonio Palomino, and the Recumbent Christ by\u00a0Mariano Benlliure\u2026 In the upper section you will find a wonderful collection of 15thcentury Valencian pottery and a space given over to the work of the local artist Blas Silvestre, from where it is also possible to observe the church\u2019s vaulting.[\/vc_column_text][\/vc_column][vc_column width=&#8221;1\/3&#8243;]<div class=\"box clearfix style-4 wpb_content_element align-center \" style=\"padding: 20px 20px 20px 20px; \">\n<h4><strong>Visit to Church, belltower and\u00a0Parish Museum<\/strong><\/h4>\n<a href=\"\/en\/series\/visita-esglesia-campanar-i-museu-parroquial\/\" target=\"_self\" class=\"button color-1 medium \" style=\"border-radius: 2px;\"><i class='fa fa-ticket'><\/i>ENTRANCE TICKETS<\/a><\/div><div class=\"box clearfix style-4 wpb_content_element align-center \" style=\"padding: 20px 20px 20px 20px; \">\n<h4><strong>Combined v<\/strong><strong>isit<\/strong><\/h4>\n<p>Visit to\u00a0Cave Monastery,\u00a0Museum of Trades and Customs, Church, belltower and\u00a0Parish Museum.<\/p>\n<a href=\"\/en\/series\/visita-combinada\/\" target=\"_self\" class=\"button color-1 medium \" style=\"border-radius: 2px;\"><i class='fa fa-ticket'><\/i>ENTRANCE TICKETS<\/a><\/div><a href=\"https:\/\/www.tripadvisor.es\/Attraction_Review-g609039-d2416655-Reviews-Parroquia_de_la_Asuncion_de_Nuestra_Senora-Bocairente_Province_of_Valencia_Valenc.html\" target=\"_self\" class=\"button green full \" style=\"border-radius: 4px;\"><i class='fa TripAdvisor'><\/i>TripAdvisor<\/a>[\/vc_column][\/vc_row][vc_row type=&#8221;full_width_section&#8221;][vc_column width=&#8221;1\/1&#8243;][vc_row_inner][vc_column_inner width=&#8221;1\/6&#8243;][vc_single_image image=&#8221;5907&#8243; img_size=&#8221;large&#8221; add_caption=&#8221;yes&#8221; onclick=&#8221;link_image&#8221;][\/vc_column_inner][vc_column_inner width=&#8221;1\/6&#8243;][vc_single_image image=&#8221;5905&#8243; img_size=&#8221;large&#8221; add_caption=&#8221;yes&#8221; onclick=&#8221;link_image&#8221;][\/vc_column_inner][vc_column_inner width=&#8221;1\/6&#8243;][vc_single_image image=&#8221;5904&#8243; img_size=&#8221;large&#8221; add_caption=&#8221;yes&#8221; onclick=&#8221;link_image&#8221;][\/vc_column_inner][vc_column_inner width=&#8221;1\/6&#8243;][vc_single_image image=&#8221;5901&#8243; img_size=&#8221;large&#8221; add_caption=&#8221;yes&#8221; onclick=&#8221;link_image&#8221;][\/vc_column_inner][vc_column_inner width=&#8221;1\/6&#8243;][vc_single_image image=&#8221;5911&#8243; img_size=&#8221;large&#8221; add_caption=&#8221;yes&#8221; onclick=&#8221;link_image&#8221;][\/vc_column_inner][vc_column_inner width=&#8221;1\/6&#8243;][vc_single_image image=&#8221;5922&#8243; img_size=&#8221;large&#8221; add_caption=&#8221;yes&#8221; onclick=&#8221;link_image&#8221;][\/vc_column_inner][\/vc_row_inner][vc_row_inner][vc_column_inner width=&#8221;1\/4&#8243;][vc_single_image image=&#8221;5923&#8243; img_size=&#8221;large&#8221; add_caption=&#8221;yes&#8221; onclick=&#8221;link_image&#8221;][\/vc_column_inner][vc_column_inner width=&#8221;1\/4&#8243;][vc_single_image image=&#8221;5908&#8243; img_size=&#8221;large&#8221; add_caption=&#8221;yes&#8221; onclick=&#8221;link_image&#8221;][\/vc_column_inner][vc_column_inner width=&#8221;1\/4&#8243;][vc_single_image image=&#8221;5919&#8243; img_size=&#8221;large&#8221; add_caption=&#8221;yes&#8221; onclick=&#8221;link_image&#8221;][\/vc_column_inner][vc_column_inner width=&#8221;1\/4&#8243;][vc_single_image image=&#8221;5921&#8243; img_size=&#8221;large&#8221; add_caption=&#8221;yes&#8221; onclick=&#8221;link_image&#8221;][\/vc_column_inner][\/vc_row_inner][vc_row_inner][vc_column_inner width=&#8221;1\/4&#8243;][vc_single_image image=&#8221;5902&#8243; img_size=&#8221;large&#8221; add_caption=&#8221;yes&#8221; onclick=&#8221;link_image&#8221;][\/vc_column_inner][vc_column_inner width=&#8221;1\/4&#8243;][vc_single_image image=&#8221;5900&#8243; img_size=&#8221;large&#8221; add_caption=&#8221;yes&#8221; onclick=&#8221;link_image&#8221;][\/vc_column_inner][vc_column_inner width=&#8221;1\/4&#8243;][vc_single_image image=&#8221;5918&#8243; img_size=&#8221;large&#8221; add_caption=&#8221;yes&#8221; onclick=&#8221;link_image&#8221;][\/vc_column_inner][vc_column_inner width=&#8221;1\/4&#8243;][vc_single_image image=&#8221;5917&#8243; img_size=&#8221;large&#8221; add_caption=&#8221;yes&#8221; onclick=&#8221;link_image&#8221;][\/vc_column_inner][\/vc_row_inner][\/vc_column][\/vc_row]<\/p>\n","protected":false},"excerpt":{"rendered":"<p>[vc_row top_padding=&#8221;40&#8243; bottom_padding=&#8221;40&#8243;][vc_column width=&#8221;2\/3&#8243;][vc_column_text] The Parish Museum contains one of the best collections of religious art in the Valencian region (its permanent collection has received official acknowledgement from the regional authorities). It includes artworks by Juan de Juanes, Joaqu\u00edn Sorolla, the Maestro of Borbot\u00f3, Ribalta, Segrelles, Mariano Benlliure, Crist\u00f3bal Lloren\u00e7, Gaspar Requena, Blas Silvestre\u2026 The museum also provides an outstanding occasion for art lovers to enjoy the important collection of precious metalwork, textiles, pottery and other noteworthy objects. It has recently been refurbished thanks to the support of the Valencian Light of Images Foundation. PRECIOUS METALWORK ROOM Decorating the ceiling are works by the local Bocairent painter Blas Silvestre. One of the most outstanding pieces on display is the banner of Saint Blaise painted by Joaqu\u00edn Sorolla in 1902. You can also observe the 15th century work Our Lady of Good Health attributed to the Maestro Cabanes and Nicol\u00e1s Falc\u00f3. Amongst the noteworthy objects on display are the 18th century plateresque style Lignum Crucis, the rain cape and the chalice of Saint Juan de Ribera attributed to the Florentine sculptor Benvenuto Cellini, the 15th century gothic cassock, and the Book of Privileges from the Royal Cloth Factory, which was endowed [&hellip;]<\/p>\n","protected":false},"author":1,"featured_media":6017,"parent":0,"menu_order":0,"comment_status":"closed","ping_status":"closed","template":"","meta":[],"_links":{"self":[{"href":"https:\/\/www.visitbocairent.es\/en\/wp-json\/wp\/v2\/pages\/8535"}],"collection":[{"href":"https:\/\/www.visitbocairent.es\/en\/wp-json\/wp\/v2\/pages"}],"about":[{"href":"https:\/\/www.visitbocairent.es\/en\/wp-json\/wp\/v2\/types\/page"}],"author":[{"embeddable":true,"href":"https:\/\/www.visitbocairent.es\/en\/wp-json\/wp\/v2\/users\/1"}],"replies":[{"embeddable":true,"href":"https:\/\/www.visitbocairent.es\/en\/wp-json\/wp\/v2\/comments?post=8535"}],"version-history":[{"count":2,"href":"https:\/\/www.visitbocairent.es\/en\/wp-json\/wp\/v2\/pages\/8535\/revisions"}],"predecessor-version":[{"id":8537,"href":"https:\/\/www.visitbocairent.es\/en\/wp-json\/wp\/v2\/pages\/8535\/revisions\/8537"}],"wp:featuredmedia":[{"embeddable":true,"href":"https:\/\/www.visitbocairent.es\/en\/wp-json\/wp\/v2\/media\/6017"}],"wp:attachment":[{"href":"https:\/\/www.visitbocairent.es\/en\/wp-json\/wp\/v2\/media?parent=8535"}],"curies":[{"name":"wp","href":"https:\/\/api.w.org\/{rel}","templated":true}]}}